{"id":11335,"date":"2018-05-14T08:50:35","date_gmt":"2018-05-14T08:50:35","guid":{"rendered":"http:\/\/dreamypixel.com\/si\/?page_id=11335"},"modified":"2018-12-22T12:25:07","modified_gmt":"2018-12-22T12:25:07","slug":"uporaba-piskotkov-na-dreamypixel","status":"publish","type":"page","link":"https:\/\/dreamypixel.com\/si\/uporaba-piskotkov-na-dreamypixel\/","title":{"rendered":"Uporaba pi\u0161kotkov na DreamyPixel"},"content":{"rendered":"<h2>Uporaba pi\u0161kotkov na DreamyPixel<\/h2>\n<p><b><script\n\t\ttype=\"text\/javascript\"\n\t\tid=\"CookieDeclaration\"\n\t\tsrc=\"https:\/\/consent.cookiebot.com\/2a6bf5d6-05b0-4223-92fa-92cda70cdd10\/cd.js\"\n\t\t\tdata-culture=\"SI\"\n\t\tasync><\/script>\n<\/b><\/p>\n","protected":false},"excerpt":{"rendered":"<p>Uporaba pi\u0161kotkov na DreamyPixel<\/p>\n","protected":false},"author":1,"featured_media":0,"parent":0,"menu_order":0,"comment_status":"closed","ping_status":"closed","template":"","meta":{"iawp_total_views":0,"footnotes":""},"class_list":["post-11335","page","type-page","status-publish","hentry"],"yoast_head":"<!-- This site is optimized with the Yoast SEO plugin v24.9 - https:\/\/yoast.com\/wordpress\/plugins\/seo\/ -->\n<title>Uporaba pi\u0161kotkov na DreamyPixel - Dreamy Pixel<\/title>\n<meta name=\"robots\" content=\"index, follow, max-snippet:-1, max-image-preview:large, max-video-preview:-1\" \/>\n<link rel=\"canonical\" href=\"https:\/\/dreamypixel.com\/si\/uporaba-piskotkov-na-dreamypixel\/\" \/>\n<meta property=\"og:locale\" content=\"sl_SI\" \/>\n<meta property=\"og:type\" content=\"article\" \/>\n<meta property=\"og:title\" content=\"Uporaba pi\u0161kotkov na DreamyPixel - Dreamy Pixel\" \/>\n<meta property=\"og:description\" content=\"Uporaba pi\u0161kotkov na DreamyPixel\" \/>\n<meta property=\"og:url\" content=\"https:\/\/dreamypixel.com\/si\/uporaba-piskotkov-na-dreamypixel\/\" \/>\n<meta property=\"og:site_name\" content=\"Dreamy Pixel\" \/>\n<meta property=\"article:publisher\" content=\"https:\/\/www.facebook.com\/aleskphotography\" \/>\n<meta property=\"article:modified_time\" content=\"2018-12-22T12:25:07+00:00\" \/>\n<script type=\"application\/ld+json\" class=\"yoast-schema-graph\">{\"@context\":\"https:\/\/schema.org\",\"@graph\":[{\"@type\":\"WebPage\",\"@id\":\"https:\/\/dreamypixel.com\/si\/uporaba-piskotkov-na-dreamypixel\/\",\"url\":\"https:\/\/dreamypixel.com\/si\/uporaba-piskotkov-na-dreamypixel\/\",\"name\":\"Uporaba pi\u0161kotkov na DreamyPixel - Dreamy Pixel\",\"isPartOf\":{\"@id\":\"https:\/\/dreamypixel.com\/si\/#website\"},\"datePublished\":\"2018-05-14T08:50:35+00:00\",\"dateModified\":\"2018-12-22T12:25:07+00:00\",\"breadcrumb\":{\"@id\":\"https:\/\/dreamypixel.com\/si\/uporaba-piskotkov-na-dreamypixel\/#breadcrumb\"},\"inLanguage\":\"sl-SI\",\"potentialAction\":[{\"@type\":\"ReadAction\",\"target\":[\"https:\/\/dreamypixel.com\/si\/uporaba-piskotkov-na-dreamypixel\/\"]}]},{\"@type\":\"BreadcrumbList\",\"@id\":\"https:\/\/dreamypixel.com\/si\/uporaba-piskotkov-na-dreamypixel\/#breadcrumb\",\"itemListElement\":[{\"@type\":\"ListItem\",\"position\":1,\"name\":\"Home\",\"item\":\"https:\/\/dreamypixel.com\/si\/\"},{\"@type\":\"ListItem\",\"position\":2,\"name\":\"Uporaba pi\u0161kotkov na DreamyPixel\"}]},{\"@type\":\"WebSite\",\"@id\":\"https:\/\/dreamypixel.com\/si\/#website\",\"url\":\"https:\/\/dreamypixel.com\/si\/\",\"name\":\"Dreamy Pixel\",\"description\":\"Dreamy Pixel je stran posve\u010dena fotografiji. Ponujamo fotografije v visoki resoluciji (zastonj in pla\u010dljive). Pokrajine, narava, divje \u017eivali, ...\",\"potentialAction\":[{\"@type\":\"SearchAction\",\"target\":{\"@type\":\"EntryPoint\",\"urlTemplate\":\"https:\/\/dreamypixel.com\/si\/?s={search_term_string}\"},\"query-input\":{\"@type\":\"PropertyValueSpecification\",\"valueRequired\":true,\"valueName\":\"search_term_string\"}}],\"inLanguage\":\"sl-SI\"}]}<\/script>\n<!-- \/ Yoast SEO plugin. -->","yoast_head_json":{"title":"Uporaba pi\u0161kotkov na DreamyPixel - Dreamy Pixel","robots":{"index":"index","follow":"follow","max-snippet":"max-snippet:-1","max-image-preview":"max-image-preview:large","max-video-preview":"max-video-preview:-1"},"canonical":"https:\/\/dreamypixel.com\/si\/uporaba-piskotkov-na-dreamypixel\/","og_locale":"sl_SI","og_type":"article","og_title":"Uporaba pi\u0161kotkov na DreamyPixel - Dreamy Pixel","og_description":"Uporaba pi\u0161kotkov na DreamyPixel","og_url":"https:\/\/dreamypixel.com\/si\/uporaba-piskotkov-na-dreamypixel\/","og_site_name":"Dreamy Pixel","article_publisher":"https:\/\/www.facebook.com\/aleskphotography","article_modified_time":"2018-12-22T12:25:07+00:00","schema":{"@context":"https:\/\/schema.org","@graph":[{"@type":"WebPage","@id":"https:\/\/dreamypixel.com\/si\/uporaba-piskotkov-na-dreamypixel\/","url":"https:\/\/dreamypixel.com\/si\/uporaba-piskotkov-na-dreamypixel\/","name":"Uporaba pi\u0161kotkov na DreamyPixel - Dreamy Pixel","isPartOf":{"@id":"https:\/\/dreamypixel.com\/si\/#website"},"datePublished":"2018-05-14T08:50:35+00:00","dateModified":"2018-12-22T12:25:07+00:00","breadcrumb":{"@id":"https:\/\/dreamypixel.com\/si\/uporaba-piskotkov-na-dreamypixel\/#breadcrumb"},"inLanguage":"sl-SI","potentialAction":[{"@type":"ReadAction","target":["https:\/\/dreamypixel.com\/si\/uporaba-piskotkov-na-dreamypixel\/"]}]},{"@type":"BreadcrumbList","@id":"https:\/\/dreamypixel.com\/si\/uporaba-piskotkov-na-dreamypixel\/#breadcrumb","itemListElement":[{"@type":"ListItem","position":1,"name":"Home","item":"https:\/\/dreamypixel.com\/si\/"},{"@type":"ListItem","position":2,"name":"Uporaba pi\u0161kotkov na DreamyPixel"}]},{"@type":"WebSite","@id":"https:\/\/dreamypixel.com\/si\/#website","url":"https:\/\/dreamypixel.com\/si\/","name":"Dreamy Pixel","description":"Dreamy Pixel je stran posve\u010dena fotografiji. Ponujamo fotografije v visoki resoluciji (zastonj in pla\u010dljive). Pokrajine, narava, divje \u017eivali, ...","potentialAction":[{"@type":"SearchAction","target":{"@type":"EntryPoint","urlTemplate":"https:\/\/dreamypixel.com\/si\/?s={search_term_string}"},"query-input":{"@type":"PropertyValueSpecification","valueRequired":true,"valueName":"search_term_string"}}],"inLanguage":"sl-SI"}]}},"_links":{"self":[{"href":"https:\/\/dreamypixel.com\/si\/wp-json\/wp\/v2\/pages\/11335","targetHints":{"allow":["GET"]}}],"collection":[{"href":"https:\/\/dreamypixel.com\/si\/wp-json\/wp\/v2\/pages"}],"about":[{"href":"https:\/\/dreamypixel.com\/si\/wp-json\/wp\/v2\/types\/page"}],"author":[{"embeddable":true,"href":"https:\/\/dreamypixel.com\/si\/wp-json\/wp\/v2\/users\/1"}],"replies":[{"embeddable":true,"href":"https:\/\/dreamypixel.com\/si\/wp-json\/wp\/v2\/comments?post=11335"}],"version-history":[{"count":3,"href":"https:\/\/dreamypixel.com\/si\/wp-json\/wp\/v2\/pages\/11335\/revisions"}],"predecessor-version":[{"id":12175,"href":"https:\/\/dreamypixel.com\/si\/wp-json\/wp\/v2\/pages\/11335\/revisions\/12175"}],"wp:attachment":[{"href":"https:\/\/dreamypixel.com\/si\/wp-json\/wp\/v2\/media?parent=11335"}],"curies":[{"name":"wp","href":"https:\/\/api.w.org\/{rel}","templated":true}]}}