{"id":13731,"date":"2019-11-19T13:30:39","date_gmt":"2019-11-19T13:30:39","guid":{"rendered":"https:\/\/dreamypixel.com\/si\/?page_id=13731"},"modified":"2019-11-19T13:30:39","modified_gmt":"2019-11-19T13:30:39","slug":"izdelava-spletne-strani","status":"publish","type":"page","link":"https:\/\/dreamypixel.com\/si\/izdelava-spletne-strani\/","title":{"rendered":"IZDELAVA SPLETNE STRANI"},"content":{"rendered":"<h2>Cenik izdelave WordPress spletne strani<\/h2>\n\n<h2>POTEK IZDELAVE SPLETNE STRANI<\/h2>\n<p>&nbsp;<\/p>\n<h3>1. POSVET<\/h3>\n<p>Ko prejmemo va\u0161e povpra\u0161evanje, skupaj odkrijemo, kak\u0161ne so va\u0161e \u017eelje in potrebe.<\/p>\n<p>Za postavitev spletne strani potrebujete gotovanje in domeno, ki ju naro\u010dite pri zunanjem ponudniku teh storitev. Ob tem vam pomagamo in svetujemo, lahko pa jo naro\u010dimo tudi mi.<\/p>\n<p>&nbsp;<\/p>\n<h3>2. IZBIRA OBLIKOVNE PREDLOGE<\/h3>\n<p>Pripravili vam bomo izbor ustreznih oblikovnih predlog in se skupaj odlo\u010dili za najbolj primerno. Vi nam boste poslali svojo vsebino, ki jo \u017eelite imeti na strani (logo, blog objave, artikli,..).<\/p>\n<p>&nbsp;<\/p>\n<h3>3. PRILAGODITEV<\/h3>\n<p>Izbrano predlogo bomo nalo\u017eili na stre\u017enik, jo prilagodili in napolnili z va\u0161o vsebino. Dodali bomo potrebne vti\u010dnike.<\/p>\n<p>&nbsp;<\/p>\n<h3>4. OBJAVA NA SPLETU<\/h3>\n<p>Ko bomo imeli vse pripravljeno, vas bomo uvedli v uporabo strani. Sledi samo \u0161e objava na spletu in \u017ee imate delujo\u010do spletno stran.<\/p>\n<p>&nbsp;<\/p>\n<p>&nbsp;<\/p>\n<p>Nudimo tudi redno vzdr\u017eevanje in posodabljanje, <strong>ki je prvi mesec brezpla\u010dno.<\/strong><\/p>\n<p><strong>Vsaka dodatna storitev (spreminjanje, dodajanje \u2026) se obra\u010duna po ceniku: delovna ura od 25 \u20ac naprej, odvisno od narave dela.<\/strong><\/p>\n<p>Za dodatna vpra\u0161anja nam pi\u0161ite na <a href=\"pixeldreamy@gmail.com\">pixeldreamy@gmail.com<\/a>.<\/p>\n","protected":false},"excerpt":{"rendered":"<p>Cenik izdelave WordPress spletne strani POTEK IZDELAVE SPLETNE STRANI &nbsp; 1. POSVET Ko prejmemo va\u0161e povpra\u0161evanje, skupaj odkrijemo, kak\u0161ne so va\u0161e \u017eelje in potrebe. Za postavitev spletne strani potrebujete gotovanje in domeno, ki ju naro\u010dite pri zunanjem ponudniku teh storitev. Ob tem vam pomagamo in svetujemo, lahko pa jo naro\u010dimo tudi mi. &nbsp; 2. IZBIRA [&hellip;]<\/p>\n","protected":false},"author":1,"featured_media":0,"parent":0,"menu_order":0,"comment_status":"closed","ping_status":"closed","template":"","meta":{"iawp_total_views":0,"footnotes":""},"class_list":["post-13731","page","type-page","status-publish","hentry"],"yoast_head":"<!-- This site is optimized with the Yoast SEO plugin v24.9 - https:\/\/yoast.com\/wordpress\/plugins\/seo\/ -->\n<title>IZDELAVA SPLETNE STRANI - Dreamy Pixel<\/title>\n<meta name=\"robots\" content=\"index, follow, max-snippet:-1, max-image-preview:large, max-video-preview:-1\" \/>\n<link rel=\"canonical\" href=\"https:\/\/dreamypixel.com\/si\/izdelava-spletne-strani\/\" \/>\n<meta property=\"og:locale\" content=\"sl_SI\" \/>\n<meta property=\"og:type\" content=\"article\" \/>\n<meta property=\"og:title\" content=\"IZDELAVA SPLETNE STRANI - Dreamy Pixel\" \/>\n<meta property=\"og:description\" content=\"Cenik izdelave WordPress spletne strani POTEK IZDELAVE SPLETNE STRANI &nbsp; 1. POSVET Ko prejmemo va\u0161e povpra\u0161evanje, skupaj odkrijemo, kak\u0161ne so va\u0161e \u017eelje in potrebe. Za postavitev spletne strani potrebujete gotovanje in domeno, ki ju naro\u010dite pri zunanjem ponudniku teh storitev. Ob tem vam pomagamo in svetujemo, lahko pa jo naro\u010dimo tudi mi. &nbsp; 2. IZBIRA [&hellip;]\" \/>\n<meta property=\"og:url\" content=\"https:\/\/dreamypixel.com\/si\/izdelava-spletne-strani\/\" \/>\n<meta property=\"og:site_name\" content=\"Dreamy Pixel\" \/>\n<meta property=\"article:publisher\" content=\"https:\/\/www.facebook.com\/aleskphotography\" \/>\n<meta name=\"twitter:label1\" content=\"Est. reading time\" \/>\n\t<meta name=\"twitter:data1\" content=\"1 minuta\" \/>\n<script type=\"application\/ld+json\" class=\"yoast-schema-graph\">{\"@context\":\"https:\/\/schema.org\",\"@graph\":[{\"@type\":\"WebPage\",\"@id\":\"https:\/\/dreamypixel.com\/si\/izdelava-spletne-strani\/\",\"url\":\"https:\/\/dreamypixel.com\/si\/izdelava-spletne-strani\/\",\"name\":\"IZDELAVA SPLETNE STRANI - Dreamy Pixel\",\"isPartOf\":{\"@id\":\"https:\/\/dreamypixel.com\/si\/#website\"},\"datePublished\":\"2019-11-19T13:30:39+00:00\",\"breadcrumb\":{\"@id\":\"https:\/\/dreamypixel.com\/si\/izdelava-spletne-strani\/#breadcrumb\"},\"inLanguage\":\"sl-SI\",\"potentialAction\":[{\"@type\":\"ReadAction\",\"target\":[\"https:\/\/dreamypixel.com\/si\/izdelava-spletne-strani\/\"]}]},{\"@type\":\"BreadcrumbList\",\"@id\":\"https:\/\/dreamypixel.com\/si\/izdelava-spletne-strani\/#breadcrumb\",\"itemListElement\":[{\"@type\":\"ListItem\",\"position\":1,\"name\":\"Home\",\"item\":\"https:\/\/dreamypixel.com\/si\/\"},{\"@type\":\"ListItem\",\"position\":2,\"name\":\"IZDELAVA SPLETNE STRANI\"}]},{\"@type\":\"WebSite\",\"@id\":\"https:\/\/dreamypixel.com\/si\/#website\",\"url\":\"https:\/\/dreamypixel.com\/si\/\",\"name\":\"Dreamy Pixel\",\"description\":\"Dreamy Pixel je stran posve\u010dena fotografiji. Ponujamo fotografije v visoki resoluciji (zastonj in pla\u010dljive). Pokrajine, narava, divje \u017eivali, ...\",\"potentialAction\":[{\"@type\":\"SearchAction\",\"target\":{\"@type\":\"EntryPoint\",\"urlTemplate\":\"https:\/\/dreamypixel.com\/si\/?s={search_term_string}\"},\"query-input\":{\"@type\":\"PropertyValueSpecification\",\"valueRequired\":true,\"valueName\":\"search_term_string\"}}],\"inLanguage\":\"sl-SI\"}]}<\/script>\n<!-- \/ Yoast SEO plugin. -->","yoast_head_json":{"title":"IZDELAVA SPLETNE STRANI - Dreamy Pixel","robots":{"index":"index","follow":"follow","max-snippet":"max-snippet:-1","max-image-preview":"max-image-preview:large","max-video-preview":"max-video-preview:-1"},"canonical":"https:\/\/dreamypixel.com\/si\/izdelava-spletne-strani\/","og_locale":"sl_SI","og_type":"article","og_title":"IZDELAVA SPLETNE STRANI - Dreamy Pixel","og_description":"Cenik izdelave WordPress spletne strani POTEK IZDELAVE SPLETNE STRANI &nbsp; 1. POSVET Ko prejmemo va\u0161e povpra\u0161evanje, skupaj odkrijemo, kak\u0161ne so va\u0161e \u017eelje in potrebe. Za postavitev spletne strani potrebujete gotovanje in domeno, ki ju naro\u010dite pri zunanjem ponudniku teh storitev. Ob tem vam pomagamo in svetujemo, lahko pa jo naro\u010dimo tudi mi. &nbsp; 2. IZBIRA [&hellip;]","og_url":"https:\/\/dreamypixel.com\/si\/izdelava-spletne-strani\/","og_site_name":"Dreamy Pixel","article_publisher":"https:\/\/www.facebook.com\/aleskphotography","twitter_misc":{"Est. reading time":"1 minuta"},"schema":{"@context":"https:\/\/schema.org","@graph":[{"@type":"WebPage","@id":"https:\/\/dreamypixel.com\/si\/izdelava-spletne-strani\/","url":"https:\/\/dreamypixel.com\/si\/izdelava-spletne-strani\/","name":"IZDELAVA SPLETNE STRANI - Dreamy Pixel","isPartOf":{"@id":"https:\/\/dreamypixel.com\/si\/#website"},"datePublished":"2019-11-19T13:30:39+00:00","breadcrumb":{"@id":"https:\/\/dreamypixel.com\/si\/izdelava-spletne-strani\/#breadcrumb"},"inLanguage":"sl-SI","potentialAction":[{"@type":"ReadAction","target":["https:\/\/dreamypixel.com\/si\/izdelava-spletne-strani\/"]}]},{"@type":"BreadcrumbList","@id":"https:\/\/dreamypixel.com\/si\/izdelava-spletne-strani\/#breadcrumb","itemListElement":[{"@type":"ListItem","position":1,"name":"Home","item":"https:\/\/dreamypixel.com\/si\/"},{"@type":"ListItem","position":2,"name":"IZDELAVA SPLETNE STRANI"}]},{"@type":"WebSite","@id":"https:\/\/dreamypixel.com\/si\/#website","url":"https:\/\/dreamypixel.com\/si\/","name":"Dreamy Pixel","description":"Dreamy Pixel je stran posve\u010dena fotografiji. Ponujamo fotografije v visoki resoluciji (zastonj in pla\u010dljive). Pokrajine, narava, divje \u017eivali, ...","potentialAction":[{"@type":"SearchAction","target":{"@type":"EntryPoint","urlTemplate":"https:\/\/dreamypixel.com\/si\/?s={search_term_string}"},"query-input":{"@type":"PropertyValueSpecification","valueRequired":true,"valueName":"search_term_string"}}],"inLanguage":"sl-SI"}]}},"_links":{"self":[{"href":"https:\/\/dreamypixel.com\/si\/wp-json\/wp\/v2\/pages\/13731","targetHints":{"allow":["GET"]}}],"collection":[{"href":"https:\/\/dreamypixel.com\/si\/wp-json\/wp\/v2\/pages"}],"about":[{"href":"https:\/\/dreamypixel.com\/si\/wp-json\/wp\/v2\/types\/page"}],"author":[{"embeddable":true,"href":"https:\/\/dreamypixel.com\/si\/wp-json\/wp\/v2\/users\/1"}],"replies":[{"embeddable":true,"href":"https:\/\/dreamypixel.com\/si\/wp-json\/wp\/v2\/comments?post=13731"}],"version-history":[{"count":11,"href":"https:\/\/dreamypixel.com\/si\/wp-json\/wp\/v2\/pages\/13731\/revisions"}],"predecessor-version":[{"id":13976,"href":"https:\/\/dreamypixel.com\/si\/wp-json\/wp\/v2\/pages\/13731\/revisions\/13976"}],"wp:attachment":[{"href":"https:\/\/dreamypixel.com\/si\/wp-json\/wp\/v2\/media?parent=13731"}],"curies":[{"name":"wp","href":"https:\/\/api.w.org\/{rel}","templated":true}]}}