{"id":15572,"date":"2022-06-27T09:49:59","date_gmt":"2022-06-27T09:49:59","guid":{"rendered":"https:\/\/dreamypixel.com\/si\/?page_id=15572"},"modified":"2022-06-27T09:49:59","modified_gmt":"2022-06-27T09:49:59","slug":"koledar-2023-utrinki-casa-2023-predogled","status":"publish","type":"page","link":"https:\/\/dreamypixel.com\/si\/koledar-2023-utrinki-casa-2023-predogled\/","title":{"rendered":"Koledar 2023- Utrinki \u010dasa (2023) &#8211; predogled"},"content":{"rendered":"<p>[real3dflipbook id=&#8221;9&#8243;]<\/p>\n","protected":false},"excerpt":{"rendered":"<p>[real3dflipbook id=&#8221;9&#8243;]<\/p>\n","protected":false},"author":1,"featured_media":0,"parent":0,"menu_order":0,"comment_status":"closed","ping_status":"closed","template":"","meta":{"iawp_total_views":24,"footnotes":""},"class_list":["post-15572","page","type-page","status-publish","hentry"],"yoast_head":"<!-- This site is optimized with the Yoast SEO plugin v24.9 - https:\/\/yoast.com\/wordpress\/plugins\/seo\/ -->\n<title>Koledar 2023- Utrinki \u010dasa (2023) - predogled - Dreamy Pixel<\/title>\n<meta name=\"robots\" content=\"index, follow, max-snippet:-1, max-image-preview:large, max-video-preview:-1\" \/>\n<link rel=\"canonical\" href=\"https:\/\/dreamypixel.com\/si\/koledar-2023-utrinki-casa-2023-predogled\/\" \/>\n<meta property=\"og:locale\" content=\"sl_SI\" \/>\n<meta property=\"og:type\" content=\"article\" \/>\n<meta property=\"og:title\" content=\"Koledar 2023- Utrinki \u010dasa (2023) - predogled - Dreamy Pixel\" \/>\n<meta property=\"og:description\" content=\"[real3dflipbook id=&#8221;9&#8243;]\" \/>\n<meta property=\"og:url\" content=\"https:\/\/dreamypixel.com\/si\/koledar-2023-utrinki-casa-2023-predogled\/\" \/>\n<meta property=\"og:site_name\" content=\"Dreamy Pixel\" \/>\n<meta property=\"article:publisher\" content=\"https:\/\/www.facebook.com\/aleskphotography\" \/>\n<script type=\"application\/ld+json\" class=\"yoast-schema-graph\">{\"@context\":\"https:\/\/schema.org\",\"@graph\":[{\"@type\":\"WebPage\",\"@id\":\"https:\/\/dreamypixel.com\/si\/koledar-2023-utrinki-casa-2023-predogled\/\",\"url\":\"https:\/\/dreamypixel.com\/si\/koledar-2023-utrinki-casa-2023-predogled\/\",\"name\":\"Koledar 2023- Utrinki \u010dasa (2023) - predogled - Dreamy Pixel\",\"isPartOf\":{\"@id\":\"https:\/\/dreamypixel.com\/si\/#website\"},\"datePublished\":\"2022-06-27T09:49:59+00:00\",\"breadcrumb\":{\"@id\":\"https:\/\/dreamypixel.com\/si\/koledar-2023-utrinki-casa-2023-predogled\/#breadcrumb\"},\"inLanguage\":\"sl-SI\",\"potentialAction\":[{\"@type\":\"ReadAction\",\"target\":[\"https:\/\/dreamypixel.com\/si\/koledar-2023-utrinki-casa-2023-predogled\/\"]}]},{\"@type\":\"BreadcrumbList\",\"@id\":\"https:\/\/dreamypixel.com\/si\/koledar-2023-utrinki-casa-2023-predogled\/#breadcrumb\",\"itemListElement\":[{\"@type\":\"ListItem\",\"position\":1,\"name\":\"Home\",\"item\":\"https:\/\/dreamypixel.com\/si\/\"},{\"@type\":\"ListItem\",\"position\":2,\"name\":\"Koledar 2023- Utrinki \u010dasa (2023) &#8211; predogled\"}]},{\"@type\":\"WebSite\",\"@id\":\"https:\/\/dreamypixel.com\/si\/#website\",\"url\":\"https:\/\/dreamypixel.com\/si\/\",\"name\":\"Dreamy Pixel\",\"description\":\"Dreamy Pixel je stran posve\u010dena fotografiji. Ponujamo fotografije v visoki resoluciji (zastonj in pla\u010dljive). Pokrajine, narava, divje \u017eivali, ...\",\"potentialAction\":[{\"@type\":\"SearchAction\",\"target\":{\"@type\":\"EntryPoint\",\"urlTemplate\":\"https:\/\/dreamypixel.com\/si\/?s={search_term_string}\"},\"query-input\":{\"@type\":\"PropertyValueSpecification\",\"valueRequired\":true,\"valueName\":\"search_term_string\"}}],\"inLanguage\":\"sl-SI\"}]}<\/script>\n<!-- \/ Yoast SEO plugin. -->","yoast_head_json":{"title":"Koledar 2023- Utrinki \u010dasa (2023) - predogled - Dreamy Pixel","robots":{"index":"index","follow":"follow","max-snippet":"max-snippet:-1","max-image-preview":"max-image-preview:large","max-video-preview":"max-video-preview:-1"},"canonical":"https:\/\/dreamypixel.com\/si\/koledar-2023-utrinki-casa-2023-predogled\/","og_locale":"sl_SI","og_type":"article","og_title":"Koledar 2023- Utrinki \u010dasa (2023) - predogled - Dreamy Pixel","og_description":"[real3dflipbook id=&#8221;9&#8243;]","og_url":"https:\/\/dreamypixel.com\/si\/koledar-2023-utrinki-casa-2023-predogled\/","og_site_name":"Dreamy Pixel","article_publisher":"https:\/\/www.facebook.com\/aleskphotography","schema":{"@context":"https:\/\/schema.org","@graph":[{"@type":"WebPage","@id":"https:\/\/dreamypixel.com\/si\/koledar-2023-utrinki-casa-2023-predogled\/","url":"https:\/\/dreamypixel.com\/si\/koledar-2023-utrinki-casa-2023-predogled\/","name":"Koledar 2023- Utrinki \u010dasa (2023) - predogled - Dreamy Pixel","isPartOf":{"@id":"https:\/\/dreamypixel.com\/si\/#website"},"datePublished":"2022-06-27T09:49:59+00:00","breadcrumb":{"@id":"https:\/\/dreamypixel.com\/si\/koledar-2023-utrinki-casa-2023-predogled\/#breadcrumb"},"inLanguage":"sl-SI","potentialAction":[{"@type":"ReadAction","target":["https:\/\/dreamypixel.com\/si\/koledar-2023-utrinki-casa-2023-predogled\/"]}]},{"@type":"BreadcrumbList","@id":"https:\/\/dreamypixel.com\/si\/koledar-2023-utrinki-casa-2023-predogled\/#breadcrumb","itemListElement":[{"@type":"ListItem","position":1,"name":"Home","item":"https:\/\/dreamypixel.com\/si\/"},{"@type":"ListItem","position":2,"name":"Koledar 2023- Utrinki \u010dasa (2023) &#8211; predogled"}]},{"@type":"WebSite","@id":"https:\/\/dreamypixel.com\/si\/#website","url":"https:\/\/dreamypixel.com\/si\/","name":"Dreamy Pixel","description":"Dreamy Pixel je stran posve\u010dena fotografiji. Ponujamo fotografije v visoki resoluciji (zastonj in pla\u010dljive). Pokrajine, narava, divje \u017eivali, ...","potentialAction":[{"@type":"SearchAction","target":{"@type":"EntryPoint","urlTemplate":"https:\/\/dreamypixel.com\/si\/?s={search_term_string}"},"query-input":{"@type":"PropertyValueSpecification","valueRequired":true,"valueName":"search_term_string"}}],"inLanguage":"sl-SI"}]}},"_links":{"self":[{"href":"https:\/\/dreamypixel.com\/si\/wp-json\/wp\/v2\/pages\/15572","targetHints":{"allow":["GET"]}}],"collection":[{"href":"https:\/\/dreamypixel.com\/si\/wp-json\/wp\/v2\/pages"}],"about":[{"href":"https:\/\/dreamypixel.com\/si\/wp-json\/wp\/v2\/types\/page"}],"author":[{"embeddable":true,"href":"https:\/\/dreamypixel.com\/si\/wp-json\/wp\/v2\/users\/1"}],"replies":[{"embeddable":true,"href":"https:\/\/dreamypixel.com\/si\/wp-json\/wp\/v2\/comments?post=15572"}],"version-history":[{"count":1,"href":"https:\/\/dreamypixel.com\/si\/wp-json\/wp\/v2\/pages\/15572\/revisions"}],"predecessor-version":[{"id":15574,"href":"https:\/\/dreamypixel.com\/si\/wp-json\/wp\/v2\/pages\/15572\/revisions\/15574"}],"wp:attachment":[{"href":"https:\/\/dreamypixel.com\/si\/wp-json\/wp\/v2\/media?parent=15572"}],"curies":[{"name":"wp","href":"https:\/\/api.w.org\/{rel}","templated":true}]}}