{"id":2764,"date":"2015-11-16T12:04:44","date_gmt":"2015-11-16T12:04:44","guid":{"rendered":"http:\/\/dreamypixel.com\/si\/?page_id=2764"},"modified":"2025-03-30T20:15:54","modified_gmt":"2025-03-30T20:15:54","slug":"zastonj-ozadja-za-mobilne-telefone","status":"publish","type":"page","link":"https:\/\/dreamypixel.com\/si\/zastonj-ozadja-za-mobilne-telefone\/","title":{"rendered":"Zastonj ozadja za mobilne telefone"},"content":{"rendered":"<div class=\"one\" style=\"text-align:center;\" >\n<div class=\"page_content_wrapper\">\n<div class=\"inner\">\n<h2 class=\"ppb_title\">ZASTONJ OZADJA ZA MOBILNE TELEFONE<\/h2>\n<p>Za prenos slik prosimo kliknite na fotografijo za predogled in jo prenesite.<\/p>\n<p><a rel=\"license\" href=\"http:\/\/creativecommons.org\/licenses\/by\/4.0\/\"><img decoding=\"async\" alt=\"Creative Commons License\" style=\"border-width:0; height:80px;width:80px;\" src=\"https:\/\/dreamypixel.com\/si\/wp-content\/uploads\/2015\/05\/creative-commons-licence-dreamypixel.png\" \/><\/a><br \/>Brezpla\u010dne fotografije so licensirane pod <a rel=\"license\" href=\"http:\/\/creativecommons.org\/licenses\/by\/4.0\/\">Creative Commons Attribution 4.0 Licenco<\/a>.<\/p>\n<p>NOVE SLIKE BODO DODANE NA MESE\u010cNI RAVNI. ZA PRENOS KLIKNITE NA SLIKO IN JO SHRANITE.<\/p>\n<p><\/br><\/p>\n<\/div>\n<\/div>\n<\/div>\n<div class=\"one\" >\n<div class=\"page_content_wrapper\">\n<div class=\"inner\">\n<div class=\"one_half\">\n<div class=\"image_classic_frame expand animate\">\n<div class=\"image_wrapper\"><a href=\"https:\/\/dreamypixel.com\/si\/wp-content\/uploads\/2025\/03\/cesnja-cvetenje-ozadje-telefon-1-scaled.jpg\" class=\"img_frame\"><img decoding=\"async\" src=\"https:\/\/dreamypixel.com\/si\/wp-content\/uploads\/2025\/03\/cesnja-cvetenje-ozadje-telefon-1-scaled.jpg\" alt=\"\" class=\"portfolio_img\"\/><\/a><\/div>\n<\/div>\n<\/div>\n<div class=\"one_half last\">\n<div class=\"image_classic_frame expand animate\">\n<div class=\"image_wrapper\"><a href=\"https:\/\/dreamypixel.com\/si\/wp-content\/uploads\/2025\/03\/cesnja-cvetenje-ozadje-telefon-scaled.jpg\" class=\"img_frame\"><img decoding=\"async\" src=\"https:\/\/dreamypixel.com\/si\/wp-content\/uploads\/2025\/03\/cesnja-cvetenje-ozadje-telefon-scaled.jpg\" alt=\"\" class=\"portfolio_img\"\/><\/a><\/div>\n<\/div>\n<\/div>\n<p><br class=\"clear\"\/><\/div>\n<\/div>\n<\/div>\n<div class=\"one\" style=\"margin-top:-50px;\" >\n<div class=\"page_content_wrapper\">\n<div class=\"inner\">\n<div class=\"one_half\">\n<div class=\"image_classic_frame expand animate\">\n<div class=\"image_wrapper\"><a href=\"https:\/\/dreamypixel.com\/si\/wp-content\/uploads\/2025\/03\/zelenci-zima-ozadje-telefon-scaled.jpg\" class=\"img_frame\"><img decoding=\"async\" src=\"https:\/\/dreamypixel.com\/si\/wp-content\/uploads\/2025\/03\/zelenci-zima-ozadje-telefon-scaled.jpg\" alt=\"\" class=\"portfolio_img\"\/><\/a><\/div>\n<\/div>\n<\/div>\n<div class=\"one_half last\">\n<div class=\"image_classic_frame expand animate\">\n<div class=\"image_wrapper\"><a href=\"https:\/\/dreamypixel.com\/si\/wp-content\/uploads\/2025\/03\/jezero-antorno-dolomiti-ozadje-telefon-scaled.jpg\" class=\"img_frame\"><img decoding=\"async\" src=\"https:\/\/dreamypixel.com\/si\/wp-content\/uploads\/2025\/03\/jezero-antorno-dolomiti-ozadje-telefon-scaled.jpg\" alt=\"\" class=\"portfolio_img\"\/><\/a><\/div>\n<\/div>\n<\/div>\n<p><br class=\"clear\"\/><\/div>\n<\/div>\n<\/div>\n<div class=\"one\" style=\"margin-top:-50px;\" >\n<div class=\"page_content_wrapper\">\n<div class=\"inner\">\n<div class=\"one_half\">\n<div class=\"image_classic_frame expand animate\">\n<div class=\"image_wrapper\"><a href=\"https:\/\/dreamypixel.com\/si\/wp-content\/uploads\/2025\/03\/reka-Sava-ozadje-telefon-scaled.jpg\" class=\"img_frame\"><img decoding=\"async\" src=\"https:\/\/dreamypixel.com\/si\/wp-content\/uploads\/2025\/03\/reka-Sava-ozadje-telefon-scaled.jpg\" alt=\"\" class=\"portfolio_img\"\/><\/a><\/div>\n<\/div>\n<\/div>\n<div class=\"one_half last\">\n<div class=\"image_classic_frame expand animate\">\n<div class=\"image_wrapper\"><a href=\"https:\/\/dreamypixel.com\/si\/wp-content\/uploads\/2025\/03\/Golica-zima-ozadje-telefon-scaled.jpg\" class=\"img_frame\"><img decoding=\"async\" src=\"https:\/\/dreamypixel.com\/si\/wp-content\/uploads\/2025\/03\/Golica-zima-ozadje-telefon-scaled.jpg\" alt=\"\" class=\"portfolio_img\"\/><\/a><\/div>\n<\/div>\n<\/div>\n<p><br class=\"clear\"\/><\/div>\n<\/div>\n<\/div>\n<div class=\"one\" style=\"margin-top:-50px;\" >\n<div class=\"page_content_wrapper\">\n<div class=\"inner\">\n<div class=\"one_half\">\n<div class=\"image_classic_frame expand animate\">\n<div class=\"image_wrapper\"><a href=\"https:\/\/dreamypixel.com\/si\/wp-content\/uploads\/2025\/03\/Makro-roza-zafran-telefon-ozadje-1-scaled.jpg\" class=\"img_frame\"><img decoding=\"async\" src=\"https:\/\/dreamypixel.com\/si\/wp-content\/uploads\/2025\/03\/Makro-roza-zafran-telefon-ozadje-1-scaled.jpg\" alt=\"\" class=\"portfolio_img\"\/><\/a><\/div>\n<\/div>\n<\/div>\n<div class=\"one_half last\">\n<div class=\"image_classic_frame expand animate\">\n<div class=\"image_wrapper\"><a href=\"https:\/\/dreamypixel.com\/si\/wp-content\/uploads\/2025\/03\/jesenski-gozd-ozadje-telefon-scaled.jpg\" class=\"img_frame\"><img decoding=\"async\" src=\"https:\/\/dreamypixel.com\/si\/wp-content\/uploads\/2025\/03\/jesenski-gozd-ozadje-telefon-scaled.jpg\" alt=\"\" class=\"portfolio_img\"\/><\/a><\/div>\n<\/div>\n<\/div>\n<p><br class=\"clear\"\/><\/div>\n<\/div>\n<\/div>\n","protected":false},"excerpt":{"rendered":"<p>ZASTONJ OZADJA ZA MOBILNE TELEFONE Za prenos slik prosimo kliknite na fotografijo za predogled in jo prenesite. Brezpla\u010dne fotografije so licensirane pod Creative Commons Attribution 4.0 Licenco. NOVE SLIKE BODO DODANE NA MESE\u010cNI RAVNI. ZA PRENOS KLIKNITE NA SLIKO IN JO SHRANITE.<\/p>\n","protected":false},"author":1,"featured_media":0,"parent":0,"menu_order":0,"comment_status":"open","ping_status":"open","template":"","meta":{"iawp_total_views":1866,"footnotes":""},"class_list":["post-2764","page","type-page","status-publish","hentry"],"yoast_head":"<!-- This site is optimized with the Yoast SEO plugin v24.9 - https:\/\/yoast.com\/wordpress\/plugins\/seo\/ -->\n<title>Zastonj ozadja za mobilne telefone - Dreamy Pixel<\/title>\n<meta name=\"robots\" content=\"index, follow, max-snippet:-1, max-image-preview:large, max-video-preview:-1\" \/>\n<link rel=\"canonical\" href=\"https:\/\/dreamypixel.com\/si\/zastonj-ozadja-za-mobilne-telefone\/\" \/>\n<meta property=\"og:locale\" content=\"sl_SI\" \/>\n<meta property=\"og:type\" content=\"article\" \/>\n<meta property=\"og:title\" content=\"Zastonj ozadja za mobilne telefone - Dreamy Pixel\" \/>\n<meta property=\"og:description\" content=\"ZASTONJ OZADJA ZA MOBILNE TELEFONE Za prenos slik prosimo kliknite na fotografijo za predogled in jo prenesite. Brezpla\u010dne fotografije so licensirane pod Creative Commons Attribution 4.0 Licenco. NOVE SLIKE BODO DODANE NA MESE\u010cNI RAVNI. ZA PRENOS KLIKNITE NA SLIKO IN JO SHRANITE.\" \/>\n<meta property=\"og:url\" content=\"https:\/\/dreamypixel.com\/si\/zastonj-ozadja-za-mobilne-telefone\/\" \/>\n<meta property=\"og:site_name\" content=\"Dreamy Pixel\" \/>\n<meta property=\"article:publisher\" content=\"https:\/\/www.facebook.com\/aleskphotography\" \/>\n<meta property=\"article:modified_time\" content=\"2025-03-30T20:15:54+00:00\" \/>\n<meta property=\"og:image\" content=\"https:\/\/dreamypixel.com\/si\/wp-content\/uploads\/2015\/05\/creative-commons-licence-dreamypixel.png\" \/>\n<script type=\"application\/ld+json\" class=\"yoast-schema-graph\">{\"@context\":\"https:\/\/schema.org\",\"@graph\":[{\"@type\":\"WebPage\",\"@id\":\"https:\/\/dreamypixel.com\/si\/zastonj-ozadja-za-mobilne-telefone\/\",\"url\":\"https:\/\/dreamypixel.com\/si\/zastonj-ozadja-za-mobilne-telefone\/\",\"name\":\"Zastonj ozadja za mobilne telefone - Dreamy Pixel\",\"isPartOf\":{\"@id\":\"https:\/\/dreamypixel.com\/si\/#website\"},\"primaryImageOfPage\":{\"@id\":\"https:\/\/dreamypixel.com\/si\/zastonj-ozadja-za-mobilne-telefone\/#primaryimage\"},\"image\":{\"@id\":\"https:\/\/dreamypixel.com\/si\/zastonj-ozadja-za-mobilne-telefone\/#primaryimage\"},\"thumbnailUrl\":\"https:\/\/dreamypixel.com\/si\/wp-content\/uploads\/2015\/05\/creative-commons-licence-dreamypixel.png\",\"datePublished\":\"2015-11-16T12:04:44+00:00\",\"dateModified\":\"2025-03-30T20:15:54+00:00\",\"breadcrumb\":{\"@id\":\"https:\/\/dreamypixel.com\/si\/zastonj-ozadja-za-mobilne-telefone\/#breadcrumb\"},\"inLanguage\":\"sl-SI\",\"potentialAction\":[{\"@type\":\"ReadAction\",\"target\":[\"https:\/\/dreamypixel.com\/si\/zastonj-ozadja-za-mobilne-telefone\/\"]}]},{\"@type\":\"ImageObject\",\"inLanguage\":\"sl-SI\",\"@id\":\"https:\/\/dreamypixel.com\/si\/zastonj-ozadja-za-mobilne-telefone\/#primaryimage\",\"url\":\"https:\/\/dreamypixel.com\/si\/wp-content\/uploads\/2015\/05\/creative-commons-licence-dreamypixel.png\",\"contentUrl\":\"https:\/\/dreamypixel.com\/si\/wp-content\/uploads\/2015\/05\/creative-commons-licence-dreamypixel.png\",\"width\":384,\"height\":384},{\"@type\":\"BreadcrumbList\",\"@id\":\"https:\/\/dreamypixel.com\/si\/zastonj-ozadja-za-mobilne-telefone\/#breadcrumb\",\"itemListElement\":[{\"@type\":\"ListItem\",\"position\":1,\"name\":\"Home\",\"item\":\"https:\/\/dreamypixel.com\/si\/\"},{\"@type\":\"ListItem\",\"position\":2,\"name\":\"Zastonj ozadja za mobilne telefone\"}]},{\"@type\":\"WebSite\",\"@id\":\"https:\/\/dreamypixel.com\/si\/#website\",\"url\":\"https:\/\/dreamypixel.com\/si\/\",\"name\":\"Dreamy Pixel\",\"description\":\"Dreamy Pixel je stran posve\u010dena fotografiji. Ponujamo fotografije v visoki resoluciji (zastonj in pla\u010dljive). Pokrajine, narava, divje \u017eivali, ...\",\"potentialAction\":[{\"@type\":\"SearchAction\",\"target\":{\"@type\":\"EntryPoint\",\"urlTemplate\":\"https:\/\/dreamypixel.com\/si\/?s={search_term_string}\"},\"query-input\":{\"@type\":\"PropertyValueSpecification\",\"valueRequired\":true,\"valueName\":\"search_term_string\"}}],\"inLanguage\":\"sl-SI\"}]}<\/script>\n<!-- \/ Yoast SEO plugin. -->","yoast_head_json":{"title":"Zastonj ozadja za mobilne telefone - Dreamy Pixel","robots":{"index":"index","follow":"follow","max-snippet":"max-snippet:-1","max-image-preview":"max-image-preview:large","max-video-preview":"max-video-preview:-1"},"canonical":"https:\/\/dreamypixel.com\/si\/zastonj-ozadja-za-mobilne-telefone\/","og_locale":"sl_SI","og_type":"article","og_title":"Zastonj ozadja za mobilne telefone - Dreamy Pixel","og_description":"ZASTONJ OZADJA ZA MOBILNE TELEFONE Za prenos slik prosimo kliknite na fotografijo za predogled in jo prenesite. Brezpla\u010dne fotografije so licensirane pod Creative Commons Attribution 4.0 Licenco. NOVE SLIKE BODO DODANE NA MESE\u010cNI RAVNI. ZA PRENOS KLIKNITE NA SLIKO IN JO SHRANITE.","og_url":"https:\/\/dreamypixel.com\/si\/zastonj-ozadja-za-mobilne-telefone\/","og_site_name":"Dreamy Pixel","article_publisher":"https:\/\/www.facebook.com\/aleskphotography","article_modified_time":"2025-03-30T20:15:54+00:00","og_image":[{"url":"https:\/\/dreamypixel.com\/si\/wp-content\/uploads\/2015\/05\/creative-commons-licence-dreamypixel.png","type":"","width":"","height":""}],"schema":{"@context":"https:\/\/schema.org","@graph":[{"@type":"WebPage","@id":"https:\/\/dreamypixel.com\/si\/zastonj-ozadja-za-mobilne-telefone\/","url":"https:\/\/dreamypixel.com\/si\/zastonj-ozadja-za-mobilne-telefone\/","name":"Zastonj ozadja za mobilne telefone - Dreamy Pixel","isPartOf":{"@id":"https:\/\/dreamypixel.com\/si\/#website"},"primaryImageOfPage":{"@id":"https:\/\/dreamypixel.com\/si\/zastonj-ozadja-za-mobilne-telefone\/#primaryimage"},"image":{"@id":"https:\/\/dreamypixel.com\/si\/zastonj-ozadja-za-mobilne-telefone\/#primaryimage"},"thumbnailUrl":"https:\/\/dreamypixel.com\/si\/wp-content\/uploads\/2015\/05\/creative-commons-licence-dreamypixel.png","datePublished":"2015-11-16T12:04:44+00:00","dateModified":"2025-03-30T20:15:54+00:00","breadcrumb":{"@id":"https:\/\/dreamypixel.com\/si\/zastonj-ozadja-za-mobilne-telefone\/#breadcrumb"},"inLanguage":"sl-SI","potentialAction":[{"@type":"ReadAction","target":["https:\/\/dreamypixel.com\/si\/zastonj-ozadja-za-mobilne-telefone\/"]}]},{"@type":"ImageObject","inLanguage":"sl-SI","@id":"https:\/\/dreamypixel.com\/si\/zastonj-ozadja-za-mobilne-telefone\/#primaryimage","url":"https:\/\/dreamypixel.com\/si\/wp-content\/uploads\/2015\/05\/creative-commons-licence-dreamypixel.png","contentUrl":"https:\/\/dreamypixel.com\/si\/wp-content\/uploads\/2015\/05\/creative-commons-licence-dreamypixel.png","width":384,"height":384},{"@type":"BreadcrumbList","@id":"https:\/\/dreamypixel.com\/si\/zastonj-ozadja-za-mobilne-telefone\/#breadcrumb","itemListElement":[{"@type":"ListItem","position":1,"name":"Home","item":"https:\/\/dreamypixel.com\/si\/"},{"@type":"ListItem","position":2,"name":"Zastonj ozadja za mobilne telefone"}]},{"@type":"WebSite","@id":"https:\/\/dreamypixel.com\/si\/#website","url":"https:\/\/dreamypixel.com\/si\/","name":"Dreamy Pixel","description":"Dreamy Pixel je stran posve\u010dena fotografiji. Ponujamo fotografije v visoki resoluciji (zastonj in pla\u010dljive). Pokrajine, narava, divje \u017eivali, ...","potentialAction":[{"@type":"SearchAction","target":{"@type":"EntryPoint","urlTemplate":"https:\/\/dreamypixel.com\/si\/?s={search_term_string}"},"query-input":{"@type":"PropertyValueSpecification","valueRequired":true,"valueName":"search_term_string"}}],"inLanguage":"sl-SI"}]}},"_links":{"self":[{"href":"https:\/\/dreamypixel.com\/si\/wp-json\/wp\/v2\/pages\/2764","targetHints":{"allow":["GET"]}}],"collection":[{"href":"https:\/\/dreamypixel.com\/si\/wp-json\/wp\/v2\/pages"}],"about":[{"href":"https:\/\/dreamypixel.com\/si\/wp-json\/wp\/v2\/types\/page"}],"author":[{"embeddable":true,"href":"https:\/\/dreamypixel.com\/si\/wp-json\/wp\/v2\/users\/1"}],"replies":[{"embeddable":true,"href":"https:\/\/dreamypixel.com\/si\/wp-json\/wp\/v2\/comments?post=2764"}],"version-history":[{"count":38,"href":"https:\/\/dreamypixel.com\/si\/wp-json\/wp\/v2\/pages\/2764\/revisions"}],"predecessor-version":[{"id":16521,"href":"https:\/\/dreamypixel.com\/si\/wp-json\/wp\/v2\/pages\/2764\/revisions\/16521"}],"wp:attachment":[{"href":"https:\/\/dreamypixel.com\/si\/wp-json\/wp\/v2\/media?parent=2764"}],"curies":[{"name":"wp","href":"https:\/\/api.w.org\/{rel}","templated":true}]}}