{"id":33,"date":"2014-09-23T05:09:06","date_gmt":"2014-09-23T05:09:06","guid":{"rendered":"http:\/\/icesoft.md\/wp\/volta\/?page_id=33"},"modified":"2025-03-27T11:02:50","modified_gmt":"2025-03-27T11:02:50","slug":"home","status":"publish","type":"page","link":"https:\/\/dreamypixel.com\/si\/","title":{"rendered":"DOMOV"},"content":{"rendered":"<div class=\"one\" style=\"background:#fff;\" >\n<div class=\"page_content_wrapper\">\n<div class=\"inner\">\n<h2 class=\"ppb_title\">Cilji in vizija<\/h2>\n<p>Ve\u010dina fotografij prikazuje raznoliko pokrajino Slovenije. V prihodnosti bi rad temeljito pokril \u0161e vzhodni in ju\u017eni del dr\u017eave. Nadgradil pa bi rad tudi galerije \u017eivalskega in rastlinskega sveta, ter predstavil pokrajino in naravo razli\u010dnih evropskih dr\u017eav. Ve\u010dina fotografij pa bo zagotovo \u0161e vedno namenjena predstavitvi Slovenije.<br \/>\n<\/br><\/p>\n<h2>SOCIALNA OMRE\u017dJA<\/h2>\n<p>INSTAGRAM PROFIL: <b><a href = \"https:\/\/www.instagram.com\/dreamypixels\" target = \"_blank\">Ales Krivec IG<\/a><\/b><br \/>\nFACEBOOK PROFIL: <b><a href = \"https:\/\/www.facebook.com\/aleskphotography\" target = \"_blank\">Ales Krivec Landscape Photography<\/a><\/b><\/p>\n<\/div>\n<\/div>\n<\/div>\n<div class=\"one\" >\n<div class=\"page_content_wrapper nopadding\">\n<div class=\"one_half_bg animate\" style=\"background-image:url(https:\/\/dreamypixel.com\/si\/wp-content\/uploads\/2025\/03\/Nad-vinogradi-Kozjanskega.jpg);height:500px;\"><\/div>\n<div class=\"one_half_bg content_middle animate\">\n<div class=\"nicepadding\">\n<div class=\"page_tagline\">KOZJANSKO<\/div>\n<h2 class=\"upper_title\">Jesensko potepanje po Kozjanskem: med meglicami, vinogradi in grajskimi zgodbami<\/h2>\n<div class=\"post_detail\">Jeseni sem se za nekaj dni odpravil v mirno in slikovito pokrajino Kozjanskega. Tri no\u010di sem pre\u017eivel v gradu Podsreda, enem najbolje ohranjenih srednjeve\u0161kih gradov v Sloveniji, kjer sem imel odli\u010dno izhodi\u0161\u010de za raziskovanje okolice. <\/div>\n<p><\/br><br \/>\n<a href=\"https:\/\/dreamypixel.com\/si\/jesensko-potepanje-po-kozjanskem-med-meglicami-vinogradi-in-grajskimi-zgodbami\/\" class=\"button\">Preberite celo zgodbo<\/a><\/div>\n<\/div>\n<p><br class=\"clear\"\/><\/div>\n<\/div>\n<div class=\"one\" >\n<div class=\"page_content_wrapper nopadding\">\n<div class=\"one_half_bg content_middle animate textright\">\n<div class=\"nicepadding\">\n<div class=\"page_tagline\">JULIJSKE ALPE<\/div>\n<h2 class=\"upper_title\">V kraljestvu ti\u0161ine in kozorogov: jutranji vzpon na Bov\u0161ki Gamsovec iz doline Vrata<\/h2>\n<div class=\"post_detail\">Ko se dolina Vrata \u0161e prebuja v senci skal, sem \u017ee korakal med rumeno cveto\u010dimi nagnoji ob poti. Zrak je bil hladen in tih, prepojen z vonjem gozdne zemlje in tistim neulovljivim ob\u010dutkom za\u010detka. V rokah aparat, v mislih upanje, da bom ujel tisto svetlobo, ki za hip spremeni vse. Ko si sam v gorah, se svet nekako prestavi v po\u010dasnej\u0161i, bolj \u010disti ritem. <\/div>\n<p><\/br><br \/>\n<a href=\"https:\/\/dreamypixel.com\/si\/v-samoti-sovatne-pogledu-samoroginje-jutranji-vzpon-na-kriske-pode\/\" class=\"button\">Preberite celo zgodbo<\/a><\/div>\n<\/div>\n<div class=\"one_half_bg animate\" style=\"background-image:url(https:\/\/dreamypixel.com\/si\/wp-content\/uploads\/2025\/03\/kozoroginja-kriski-podi-samoroginja.jpg);height:600px;\"><\/div>\n<p><br class=\"clear\"\/><\/div>\n<\/div>\n<div class=\"one\" >\n<div class=\"page_content_wrapper nopadding\">\n<div class=\"one_half_bg animate\" style=\"background-image:url(https:\/\/dreamypixel.com\/si\/wp-content\/uploads\/2025\/03\/Bovski-gamsovec-trio-kozorogov.jpg);height:600px;\"><\/div>\n<div class=\"one_half_bg content_middle animate\">\n<div class=\"nicepadding\">\n<div class=\"page_tagline\">JULIJSKE ALPE<\/div>\n<h2 class=\"upper_title\">V kraljestvu ti\u0161ine in kozorogov: jutranji vzpon na Bov\u0161ki Gamsovec iz doline Vrata<\/h2>\n<div class=\"post_detail\">Bila je tista posebna vrsta jutra, ko svet \u0161e spi, zrak je napolnjen s ti\u0161ino in tema le s te\u017eavo popu\u0161\u010da prostor prihajajo\u010demu dnevu. S \u010delno svetilko na glavi in toplim dihom, ki se je vla\u017eil v hladnem zraku, sem stopal skozi dolino Vrata, tik ob ne\u017enem \u0161umenju Triglavske Bistrice. Poleg mene je tiho tekla Bela \u2013 moja zvesto navzo\u010da spremljevalka, vedno pripravljena na nove poti, nove vonjave in nova do\u017eivetja.<\/p>\n<p>Cilj je bil jasen \u017ee ve\u010der prej: son\u010dni vzhod med kozorogi pod Triglavsko severno steno, ob poti proti vrhu Bov\u0161kega Gamsovca. <\/p>\n<\/div>\n<p><\/br><br \/>\n<a href=\"https:\/\/dreamypixel.com\/si\/v-kraljestvu-tisine-in-kozorogov-jutranji-vzpon-na-bovski-gamsovec-iz-doline-vrata\/\" class=\"button\">Preberite celo zgodbo<\/a><\/div>\n<\/div>\n<p><br class=\"clear\"\/><\/div>\n<\/div>\n<div class=\"one\" >\n<div class=\"page_content_wrapper nopadding\">\n<div class=\"one_half_bg content_middle animate textright\">\n<div class=\"nicepadding\">\n<div class=\"page_tagline\">GAMS NA KRI\u0160KIH PODIH<\/div>\n<h2 class=\"upper_title\">Preko Sovatne na Kri\u0161ke pode<\/h2>\n<div class=\"post_detail\">Kar po\u0161teno sem moral zagristi v kolena, da sem med \u017evi\u017eganjem svizcev, ki so se me privo\u0161\u010dili v kvartetu, prispel na Sovatno. Spoprijateljila sva se \u017ee prej\u0161nje leto, ko sem se prvi\u010d podal na Bov\u0161ki Gamsovec s te smeri. Takrat je bila pot do vrha bolj turobna, saj me je \u010dudovit razgled pri\u010dakal \u0161ele na vrhu, ki je \u0161rtlel iz meglenega okova.<\/div>\n<p><\/br><br \/>\n<a href=\"https:\/\/dreamypixel.com\/si\/gams-na-kriskih-podih\/\" class=\"button\">Preberite celo zgodbo<\/a>\n<\/div>\n<\/div>\n<div class=\"one_half_bg animate\" style=\"background-image:url(https:\/\/dreamypixel.com\/si\/wp-content\/uploads\/2019\/01\/11-kriski-podi-pogled-gams-1.jpg);height:600px;\"><\/div>\n<p><br class=\"clear\"\/><\/div>\n<\/div>\n<div class=\"one\" >\n<div class=\"page_content_wrapper nopadding\">\n<div class=\"one_half_bg animate\" style=\"background-image:url(https:\/\/dreamypixel.com\/si\/wp-content\/uploads\/2015\/02\/11-bled-foggy-sunrise-early-morning.jpg);height:600px;\"><\/div>\n<div class=\"one_half_bg content_middle animate\">\n<div class=\"nicepadding\">\n<div class=\"page_tagline\">POTOVANJA<\/div>\n<h2 class=\"upper_title\">Lovljenje spektakularnega vzhoda na Bledu<\/h2>\n<div class=\"post_detail\">Prva fotozgodba bo posve\u010dena Bledu in \u010dudovitemu vzhodu, ki ga je nekega jesenskega dne pri\u010darala narava. Ojstrica je hrib, ki se dviga nad zahodno obalo Blejskega jezera. Dostop je enostaven in ponuja izredno lep razgled na Blejsko jezero, otok, grad in Karavanke v ozadju. Lepo se vidijo tudi Kamni\u0161ko Savinjske Alpe. <\/div>\n<p><\/br><br \/>\n<a href=\"https:\/\/dreamypixel.com\/si\/lovljenje-spektakularnega-vzhoda-na-bledu\/\" class=\"button\">Preberite celo zgodbo<\/a>\n<\/div>\n<\/div>\n<p><br class=\"clear\"\/><\/div>\n<\/div>\n<div class=\"one\" style=\"background:#fff;\" >\n<div class=\"page_content_wrapper nopadding\">\n<div class=\"one_half_bg content_middle animate textright\">\n<div class=\"nicepadding\">\n<div class=\"page_tagline\">GORE<\/div>\n<h2 class=\"upper_title\">Pod Tre Cime di Lavaredo od son\u010dnega zahoda do njegovega vzhoda<\/h2>\n<div class=\"post_detail\">Na zgodnji poletni dan sem se\u00a0 odlo\u010dil, da jo mahnem na kraj\u0161i oddih. Ker je bil moj brat ravno na tem, da dopolni rosnih 30 let, sem ga v zameno za darilo povabil s seboj. Vedel sem, da se je v preteklosti rad podal v hribce, tako da sem sklepal, da mu bo pohajkovanje \u010dez drn in strn ne bo ravno tuje. Pa sva se podala v osr\u010dje Dolomitov. Odlo\u010ditev, kam torej popeljati sopotnika, ni bila prete\u017eka. Tre Cime, predel Nacionalnega parka Dolomiti, je poleg Cinque Torri morda najbolj slikovit in izjemno srbi fotografove prste. <\/div>\n<p><\/br><br \/>\n<a href=\"https:\/\/dreamypixel.com\/si\/pod-tre-cime-di-lavaredo-od-soncnega-zahoda-do-njegovega-vzhoda\/\" class=\"button\">Preberite celo zgodbo<\/a>\n<\/div>\n<\/div>\n<div class=\"one_half_bg animate\" style=\"background-image:url(https:\/\/dreamypixel.com\/si\/wp-content\/uploads\/2017\/08\/32_dolomites-tre-cime-di-lavaredo-milky-way-reflection-1.jpg);height:600px;\"><\/div>\n<p><br class=\"clear\"\/><\/div>\n<\/div>\n<div class=\"one\" >\n<div class=\"page_content_wrapper\">\n<div class=\"inner\">\n<div class=\"one_half content_middle animate textright\"><\/div>\n<div class=\"one_half last\"><\/div>\n<p><br class=\"clear\"\/><\/div>\n<\/div>\n<\/div>\n","protected":false},"excerpt":{"rendered":"<p>Cilji in vizija Ve\u010dina fotografij prikazuje raznoliko pokrajino Slovenije. V prihodnosti bi rad temeljito pokril \u0161e vzhodni in ju\u017eni del dr\u017eave. Nadgradil pa bi rad tudi galerije \u017eivalskega in rastlinskega sveta, ter predstavil pokrajino in naravo razli\u010dnih evropskih dr\u017eav. Ve\u010dina fotografij pa bo zagotovo \u0161e vedno namenjena predstavitvi Slovenije. SOCIALNA OMRE\u017dJA INSTAGRAM PROFIL: Ales Krivec [&hellip;]<\/p>\n","protected":false},"author":1,"featured_media":782,"parent":0,"menu_order":0,"comment_status":"open","ping_status":"open","template":"","meta":{"iawp_total_views":527,"footnotes":""},"class_list":["post-33","page","type-page","status-publish","has-post-thumbnail","hentry"],"yoast_head":"<!-- This site is optimized with the Yoast SEO plugin v24.9 - https:\/\/yoast.com\/wordpress\/plugins\/seo\/ -->\n<title>DOMOV - Dreamy Pixel<\/title>\n<meta name=\"description\" content=\"Home of Dreamy Pixel Photography. We are a duo of photographers, focusing mainly on landscape photography in all seasons. Featuring nature photography.\" \/>\n<meta name=\"robots\" content=\"index, follow, max-snippet:-1, max-image-preview:large, max-video-preview:-1\" \/>\n<link rel=\"canonical\" href=\"https:\/\/dreamypixel.com\/si\/\" \/>\n<meta property=\"og:locale\" content=\"sl_SI\" \/>\n<meta property=\"og:type\" content=\"article\" \/>\n<meta property=\"og:title\" content=\"DOMOV - Dreamy Pixel\" \/>\n<meta property=\"og:description\" content=\"Home of Dreamy Pixel Photography. We are a duo of photographers, focusing mainly on landscape photography in all seasons. Featuring nature photography.\" \/>\n<meta property=\"og:url\" content=\"https:\/\/dreamypixel.com\/si\/\" \/>\n<meta property=\"og:site_name\" content=\"Dreamy Pixel\" \/>\n<meta property=\"article:publisher\" content=\"https:\/\/www.facebook.com\/aleskphotography\" \/>\n<meta property=\"article:modified_time\" content=\"2025-03-27T11:02:50+00:00\" \/>\n<meta property=\"og:image\" content=\"https:\/\/dreamypixel.com\/si\/wp-content\/uploads\/2014\/09\/mystic-forest-snow-1.jpg\" \/>\n\t<meta property=\"og:image:width\" content=\"2048\" \/>\n\t<meta property=\"og:image:height\" content=\"1000\" \/>\n\t<meta property=\"og:image:type\" content=\"image\/jpeg\" \/>\n<meta name=\"twitter:label1\" content=\"Est. reading time\" \/>\n\t<meta name=\"twitter:data1\" content=\"3 minute\" \/>\n<script type=\"application\/ld+json\" class=\"yoast-schema-graph\">{\"@context\":\"https:\/\/schema.org\",\"@graph\":[{\"@type\":\"WebPage\",\"@id\":\"https:\/\/dreamypixel.com\/si\/\",\"url\":\"https:\/\/dreamypixel.com\/si\/\",\"name\":\"DOMOV - Dreamy Pixel\",\"isPartOf\":{\"@id\":\"https:\/\/dreamypixel.com\/si\/#website\"},\"primaryImageOfPage\":{\"@id\":\"https:\/\/dreamypixel.com\/si\/#primaryimage\"},\"image\":{\"@id\":\"https:\/\/dreamypixel.com\/si\/#primaryimage\"},\"thumbnailUrl\":\"https:\/\/dreamypixel.com\/si\/wp-content\/uploads\/2014\/09\/mystic-forest-snow-1.jpg\",\"datePublished\":\"2014-09-23T05:09:06+00:00\",\"dateModified\":\"2025-03-27T11:02:50+00:00\",\"description\":\"Home of Dreamy Pixel Photography. We are a duo of photographers, focusing mainly on landscape photography in all seasons. Featuring nature photography.\",\"breadcrumb\":{\"@id\":\"https:\/\/dreamypixel.com\/si\/#breadcrumb\"},\"inLanguage\":\"sl-SI\",\"potentialAction\":[{\"@type\":\"ReadAction\",\"target\":[\"https:\/\/dreamypixel.com\/si\/\"]}]},{\"@type\":\"ImageObject\",\"inLanguage\":\"sl-SI\",\"@id\":\"https:\/\/dreamypixel.com\/si\/#primaryimage\",\"url\":\"https:\/\/dreamypixel.com\/si\/wp-content\/uploads\/2014\/09\/mystic-forest-snow-1.jpg\",\"contentUrl\":\"https:\/\/dreamypixel.com\/si\/wp-content\/uploads\/2014\/09\/mystic-forest-snow-1.jpg\",\"width\":2048,\"height\":1000},{\"@type\":\"BreadcrumbList\",\"@id\":\"https:\/\/dreamypixel.com\/si\/#breadcrumb\",\"itemListElement\":[{\"@type\":\"ListItem\",\"position\":1,\"name\":\"Home\",\"item\":\"https:\/\/dreamypixel.com\/si\/\"},{\"@type\":\"ListItem\",\"position\":2,\"name\":\"DOMOV\"}]},{\"@type\":\"WebSite\",\"@id\":\"https:\/\/dreamypixel.com\/si\/#website\",\"url\":\"https:\/\/dreamypixel.com\/si\/\",\"name\":\"Dreamy Pixel\",\"description\":\"Dreamy Pixel je stran posve\u010dena fotografiji. Ponujamo fotografije v visoki resoluciji (zastonj in pla\u010dljive). Pokrajine, narava, divje \u017eivali, ...\",\"potentialAction\":[{\"@type\":\"SearchAction\",\"target\":{\"@type\":\"EntryPoint\",\"urlTemplate\":\"https:\/\/dreamypixel.com\/si\/?s={search_term_string}\"},\"query-input\":{\"@type\":\"PropertyValueSpecification\",\"valueRequired\":true,\"valueName\":\"search_term_string\"}}],\"inLanguage\":\"sl-SI\"}]}<\/script>\n<!-- \/ Yoast SEO plugin. -->","yoast_head_json":{"title":"DOMOV - Dreamy Pixel","description":"Home of Dreamy Pixel Photography. We are a duo of photographers, focusing mainly on landscape photography in all seasons. Featuring nature photography.","robots":{"index":"index","follow":"follow","max-snippet":"max-snippet:-1","max-image-preview":"max-image-preview:large","max-video-preview":"max-video-preview:-1"},"canonical":"https:\/\/dreamypixel.com\/si\/","og_locale":"sl_SI","og_type":"article","og_title":"DOMOV - Dreamy Pixel","og_description":"Home of Dreamy Pixel Photography. We are a duo of photographers, focusing mainly on landscape photography in all seasons. Featuring nature photography.","og_url":"https:\/\/dreamypixel.com\/si\/","og_site_name":"Dreamy Pixel","article_publisher":"https:\/\/www.facebook.com\/aleskphotography","article_modified_time":"2025-03-27T11:02:50+00:00","og_image":[{"width":2048,"height":1000,"url":"https:\/\/dreamypixel.com\/si\/wp-content\/uploads\/2014\/09\/mystic-forest-snow-1.jpg","type":"image\/jpeg"}],"twitter_misc":{"Est. reading time":"3 minute"},"schema":{"@context":"https:\/\/schema.org","@graph":[{"@type":"WebPage","@id":"https:\/\/dreamypixel.com\/si\/","url":"https:\/\/dreamypixel.com\/si\/","name":"DOMOV - Dreamy Pixel","isPartOf":{"@id":"https:\/\/dreamypixel.com\/si\/#website"},"primaryImageOfPage":{"@id":"https:\/\/dreamypixel.com\/si\/#primaryimage"},"image":{"@id":"https:\/\/dreamypixel.com\/si\/#primaryimage"},"thumbnailUrl":"https:\/\/dreamypixel.com\/si\/wp-content\/uploads\/2014\/09\/mystic-forest-snow-1.jpg","datePublished":"2014-09-23T05:09:06+00:00","dateModified":"2025-03-27T11:02:50+00:00","description":"Home of Dreamy Pixel Photography. We are a duo of photographers, focusing mainly on landscape photography in all seasons. Featuring nature photography.","breadcrumb":{"@id":"https:\/\/dreamypixel.com\/si\/#breadcrumb"},"inLanguage":"sl-SI","potentialAction":[{"@type":"ReadAction","target":["https:\/\/dreamypixel.com\/si\/"]}]},{"@type":"ImageObject","inLanguage":"sl-SI","@id":"https:\/\/dreamypixel.com\/si\/#primaryimage","url":"https:\/\/dreamypixel.com\/si\/wp-content\/uploads\/2014\/09\/mystic-forest-snow-1.jpg","contentUrl":"https:\/\/dreamypixel.com\/si\/wp-content\/uploads\/2014\/09\/mystic-forest-snow-1.jpg","width":2048,"height":1000},{"@type":"BreadcrumbList","@id":"https:\/\/dreamypixel.com\/si\/#breadcrumb","itemListElement":[{"@type":"ListItem","position":1,"name":"Home","item":"https:\/\/dreamypixel.com\/si\/"},{"@type":"ListItem","position":2,"name":"DOMOV"}]},{"@type":"WebSite","@id":"https:\/\/dreamypixel.com\/si\/#website","url":"https:\/\/dreamypixel.com\/si\/","name":"Dreamy Pixel","description":"Dreamy Pixel je stran posve\u010dena fotografiji. Ponujamo fotografije v visoki resoluciji (zastonj in pla\u010dljive). Pokrajine, narava, divje \u017eivali, ...","potentialAction":[{"@type":"SearchAction","target":{"@type":"EntryPoint","urlTemplate":"https:\/\/dreamypixel.com\/si\/?s={search_term_string}"},"query-input":{"@type":"PropertyValueSpecification","valueRequired":true,"valueName":"search_term_string"}}],"inLanguage":"sl-SI"}]}},"_links":{"self":[{"href":"https:\/\/dreamypixel.com\/si\/wp-json\/wp\/v2\/pages\/33","targetHints":{"allow":["GET"]}}],"collection":[{"href":"https:\/\/dreamypixel.com\/si\/wp-json\/wp\/v2\/pages"}],"about":[{"href":"https:\/\/dreamypixel.com\/si\/wp-json\/wp\/v2\/types\/page"}],"author":[{"embeddable":true,"href":"https:\/\/dreamypixel.com\/si\/wp-json\/wp\/v2\/users\/1"}],"replies":[{"embeddable":true,"href":"https:\/\/dreamypixel.com\/si\/wp-json\/wp\/v2\/comments?post=33"}],"version-history":[{"count":262,"href":"https:\/\/dreamypixel.com\/si\/wp-json\/wp\/v2\/pages\/33\/revisions"}],"predecessor-version":[{"id":16469,"href":"https:\/\/dreamypixel.com\/si\/wp-json\/wp\/v2\/pages\/33\/revisions\/16469"}],"wp:featuredmedia":[{"embeddable":true,"href":"https:\/\/dreamypixel.com\/si\/wp-json\/wp\/v2\/media\/782"}],"wp:attachment":[{"href":"https:\/\/dreamypixel.com\/si\/wp-json\/wp\/v2\/media?parent=33"}],"curies":[{"name":"wp","href":"https:\/\/api.w.org\/{rel}","templated":true}]}}