{"id":4292,"date":"2016-10-18T10:11:03","date_gmt":"2016-10-18T10:11:03","guid":{"rendered":"http:\/\/dreamypixel.com\/si\/?page_id=4292"},"modified":"2019-02-13T20:39:06","modified_gmt":"2019-02-13T20:39:06","slug":"pogoji-poslovanja","status":"publish","type":"page","link":"https:\/\/dreamypixel.com\/si\/pogoji-poslovanja\/","title":{"rendered":"Pogoji Poslovanja"},"content":{"rendered":"<p>Ale\u0161 Krivec s.p.<br \/>\nSkladi\u0161\u010dna 3, 4270 Jesenice<br \/>\nEl. po\u0161ta: pixeldreamy@gmail.com<br \/>\nDav\u010dni zavezanec: NE<br \/>\nMati\u010dna \u0161tevilka: 3735095000<br \/>\ndav\u010dna \u0161tevilka: SI81385676<br \/>\nTRR: SI56 0510 0801 3028 838 \u2013 Abanka<\/p>\n<p>Na spletnih straneh <a href=\"https:\/\/dreamypixel.com\/si\"><strong>DreamyPixel.com<\/strong><\/a> (Ale\u0161 Krivec s.p.) so objavljene povezave na spletne strani drugih podjetij\/organizacij. Nad vsebinami na teh spletnih straneh Ale\u0161 Krivec s.p. nima nadzora, zato zanje ne prevzema nobene odgovornosti.<\/p>\n<p>Na dolo\u010denih mestih spletne strani bo Ale\u0161 Krivec s.p. zbiral osebne podatke uporabnikov (ime, priimek, naslov, telefonska \u0161tevilka, e-mail naslov, uporabni\u0161ko ime, geslo), o \u010demer bo uporabnik obve\u0161\u010den in bo lahko te podatke prostovoljno posredoval.<br \/>\nVsi osebni podatki uporabnikov, ki jih uporabniki posredujejo, bodo uporabljeni izklju\u010dno za namen, za katerega so bili posredovani. Ale\u0161 Krivec s.p. se zavezuje da bo podatke skrbno varovalo v skladu z Zakonom o varstvu osebnih podatkov in<br \/>\nPravilnikom o varstvu osebnih podatkov ter jam\u010di, da ne bodo predani v roke tretji osebi ali bili kakorkoli druga\u010de zlorabljeni. Logisti\u010dnemu podjetju (npr. Po\u0161ta Slovenije) bom posredoval le nujno potrebne podatke za dostavo.<\/p>\n<p>Vsebine, objavljene na spletnih straneh DreamyPixel.com (Ale\u0161 Krivec s.p.) so last s.p. in se lahko uporabljajo izklju\u010dno za nekomercialne namene, kjer pa morajo ohraniti vsa potrebna opozorila o avtorskih pravicah.<\/p>\n<h4><strong>Odkup fotografij<\/strong><\/h4>\n<p>Ve\u010dinoma so vse fotografije objavljene na spletni strani <strong><a href=\"https:\/\/dreamypixel.com\/si\">https:\/\/dreamypixel.com\/si<\/a><\/strong> na voljo za odkup za uporabo v drugih medijih ali za druga\u010dne namene \u2013 npr. tiskanje in okvirjanje za na steno. Za odkup fotografij po\u0161ljite povpra\u0161evanje na pixeldreamy@gmail.com. Cena odkupa se giblje med 50 in 100 EUR. Nudim koli\u010dinski popust. V primeru ekskluzivnih pravic je cena po dogovoru.<\/p>\n<p>&nbsp;<\/p>\n<h4><strong>Avtorske pravice<\/strong><\/h4>\n<p>Objavljene vsebine so ali v lasti avtorja Ale\u0161a Krivca\u00a0oziroma Ale\u0161 Krivec\u00a0s.p. in za objavo potrebujete soglasje avtorja. Vsakr\u0161no kopiranje, presnemavanje, posnemanje in raz\u0161irjanje brez vednosti avtorja je prepovedano. Raz\u0161irjanje spletnih vsebin je dovoljeno le preko hiperpovezav na spletno mesto <strong><a href=\"https:\/\/dreamypixel.com\/si\/\">https:\/\/dreamypixel.com\/si<\/a><\/strong>\u00a0in njegove podstrani. Avtor lahko za vsebine, ki niso deljene v skladu s pogoji zahteva njihovo takoj\u0161njo odstranitev. Lahko pa tudi brez predhodnega opozorila izstavi ra\u010dun za objavljeno fotografijo v vi\u0161ini 500,00 eur na brez dovoljenja objavljeno fotografijo.<\/p>\n<p>Brez dovoljenja Ale\u0161 Krivec\u00a0s.p. fotografij objavljenih na strani ni dovoljeno kopirati, predelovati, javno prikazovati izven spletne strani <strong><a href=\"https:\/\/dreamypixel.com\/si\">https:\/\/dreamypixel.com\/si<\/a><\/strong>, pretvoriti v druga\u010den zapis ali na analogni nosilec, ali uporabiti kako druga\u010de razen za zaslonski prikaz. Shranjevanje objavljenih fotografij v za\u010dasni pomnilnik ra\u010dunalnika ali na trajno spominsko enoto je dovoljeno samo za osebno uporabo. Globinsko povezovanje (deep linking) na fotografije objavljene v fotogaleriji ni dovoljeno. Dovoljeno je povezovanje s hiperpovezavo, pri \u010demer mora biti za povpre\u010dnega uporabnika spletnih storitev \u017ee na prvi pogled vidno, da gre za povezavo na stran <strong><a href=\"https:\/\/dreamypixel.com\/si\">https:\/\/dreamypixel.com\/si<\/a><\/strong>.<\/p>\n<p>Namesto povezave\u00a0<strong><a href=\"https:\/\/dreamypixel.com\/si\">https:\/\/dreamypixel.com\/si<\/a><\/strong> lahko v vseh primerih uporabite tudi povezavo do <strong><a href=\"https:\/\/www.facebook.com\/aleskphotography\/\">Facebook strani &#8211; Landscape Photography by Ale\u0161 Krivec<\/a><\/strong>.<\/p>\n<p>&nbsp;<\/p>\n<p>&nbsp;<\/p>\n<p>Splo\u0161ni pogoji spletne trgovine <a href=\"https:\/\/dreamypixel.com\/si\"><strong>DreamyPixel.com<\/strong><\/a> (Ale\u0161 Krivec s.p.) so sestavljeni v skladu z <strong><a href=\"http:\/\/www.uradni-list.si\/1\/objava.jsp?urlid=201178&amp;stevilka=3297\">Zakonom o varstvu potro\u0161nikov (ZVPot)<\/a><\/strong>, Zakonom o varstvu osebnih podatkov (ZVOP-1) ter Zakonom o elektronskih komunikacijah (ZEKom-1).<\/p>\n<h4>Na\u010dini pla\u010dila<\/h4>\n<p><a href=\"https:\/\/dreamypixel.com\/si\"><strong>DreamyPixel.com<\/strong><\/a> (Ale\u0161 Krivec s.p.) omogo\u010da naslednje na\u010dine pla\u010dila:<\/p>\n<ul>\n<li>z\u00a0nakazilom na TRR ra\u010dun<\/li>\n<li>pla\u010dilo preko Paypal<\/li>\n<\/ul>\n<h4>Izdaja ra\u010duna<\/h4>\n<p>Ale\u0161 Krivec s.p. pri dostavi naro\u010denih artiklov kupcu po\u0161lje tudi ra\u010dun in sicer v tiskani obliki na naslov\u00a0kupca skupaj z artiklom.\u00a0Kupec je dol\u017ean preveriti pravilnost podatkov pred oddajo naro\u010dila. Kasneje podanih ugovorov glede pravilnosti izdanih ra\u010dunov ne upo\u0161tevam.<\/p>\n<h4>Naro\u010dilo<\/h4>\n<p>Kupoprodajna pogodba med Ale\u0161 Krivec s.p. in kupcem je v spletni trgovini dreamypixel.com\u00a0sklenjena v trenutku, ko Ale\u0161 Krivec s.p. kupcu po\u0161lje prvo elektronsko sporo\u010dilo o statusu njegovega naro\u010dila (z naslovom: potrditev prejema naro\u010dila). Od tega trenutka so vse cene in drugi pogoji fiksirani in veljajo tako za Ale\u0161 Krivec s.p. kot za kupca. Kot kupec velja oseba s podatki, kot so navedeni ob oddaji naro\u010dila. Kasnej\u0161e spreminjanje podatkov o kupcu ni mogo\u010de.<\/p>\n<h4>Pravica do odstopa potro\u0161nika od pogodbe<\/h4>\n<p>Potro\u0161nik (navedeno velja izklju\u010dno za fizi\u010dne osebe, ki pridobijo artikel za namene izven svoje pridobitne dejavnosti) ima pravico, da v 14 dneh od prevzema artiklov prodajalcu sporo\u010di, da odstopa od pogodbe, ne da bi mu bilo treba navesti razlog za svojo odlo\u010ditev. Rok se za\u010dne \u0161teti en dan po datumu prevzema artiklov.<\/p>\n<p>Odstop od pogodbe potro\u0161nik sporo\u010di na e-naslov prodajalca:\u00a0pixeldreamy@gmail.com<\/p>\n<p>V primeru odstopa od pogodbe potro\u0161nik prejeti artikel vrne ali po po\u0161ti na naslov prodajalca: Skladi\u0161\u010dna 3, 4270 Jesenice.<\/p>\n<p>Vrnitev prejetih artiklov podjetju v roku za odstop od pogodbe se \u0161teje za sporo\u010dilo o odstopu od pogodbe.<\/p>\n<p>Potro\u0161nik mora artikel vrniti prodajalcu nepo\u0161kodovan in v nespremenjeni koli\u010dini, razen \u010de je artikel uni\u010den, pokvarjen, izgubljen ali se je njegova koli\u010dina zmanj\u0161ala, ne da bi bil za to kriv potro\u0161nik. Potro\u0161nik artiklov ne sme neovirano uporabljati do odstopa od pogodbe. Potro\u0161nik sme opraviti ogled in preizkus artiklov v obsegu, kot je to nujno potrebno za ugotovitev dejanskega stanja. Potro\u0161nik odgovarja za zmanj\u0161anje vrednosti blaga, \u010de zmanj\u0161anje posledica ravnanja, ki ni nujno potrebno za ugotovitev narave, lastnosti in delovanja blaga.<\/p>\n<p>Edini stro\u0161ek, ki bremeni potro\u0161nika v zvezi z odstopom od pogodbe, je stro\u0161ek vra\u010dila artiklov (ki se v primeru po\u0161iljanja obra\u010dunava po ceniku dostavne slu\u017ebe in je odvisen od tega ali gre za po\u0161iljko\/paket\/tovor). Artikel je potrebno vrniti prodajalcu najkasneje v roku 30 dni od poslanega sporo\u010dila o odstopu od pogodbe (nakupa).<\/p>\n<p>Vra\u010dilo opravljenih vpla\u010dil bo izvedeno takoj, ko je to mogo\u010de, najkasneje pa v roku 14 dni od prejema sporo\u010dila o odstopu od pogodbe. Zaradi zagotavljanja gotovosti, to\u010dnosti in pravo\u010dasnosti vra\u010dila ter zagotavljanja evidence o pla\u010dilih, se vra\u010dilo pla\u010dila kupcu izvede izklju\u010dno z nakazilom na njegov transakcijski ra\u010dun. Vra\u010dilo pla\u010dila v gotovini ni mogo\u010de!<\/p>\n<p>Pravico do vra\u010dila kupnine v primeru uveljavljanja garancije in stvarnih napak natan\u010dneje urejajo dolo\u010dila\u00a0<a href=\"http:\/\/www.zps.si\/images\/stories\/zakoni\/zvpot_enpb_dec11.pdf\">zakona o varstvu potro\u0161nikov<\/a> (neuradno pre\u010di\u0161\u010deno besedilo).<\/p>\n<h4>Dostava<\/h4>\n<p>Dostava po\u0161iljk je opravljena preko Po\u0161te Slovenija.<\/p>\n<h4>Pi\u0161kotki<\/h4>\n<p>Ve\u010d o uporabi pi\u0161kotkov si lahko preberete na za to <strong><a href=\"https:\/\/dreamypixel.com\/si\/uporaba-piskotkov-na-dreamypixel\/\">posebej pripravljeni strani<\/a><\/strong>.<\/p>\n<p>&nbsp;<\/p>\n","protected":false},"excerpt":{"rendered":"<p>Ale\u0161 Krivec s.p. Skladi\u0161\u010dna 3, 4270 Jesenice El. po\u0161ta: pixeldreamy@gmail.com Dav\u010dni zavezanec: NE Mati\u010dna \u0161tevilka: 3735095000 dav\u010dna \u0161tevilka: SI81385676 TRR: SI56 0510 0801 3028 838 \u2013 Abanka Na spletnih straneh DreamyPixel.com (Ale\u0161 Krivec s.p.) so objavljene povezave na spletne strani drugih podjetij\/organizacij. Nad vsebinami na teh spletnih straneh Ale\u0161 Krivec s.p. nima nadzora, zato zanje [&hellip;]<\/p>\n","protected":false},"author":1,"featured_media":0,"parent":0,"menu_order":0,"comment_status":"closed","ping_status":"closed","template":"","meta":{"iawp_total_views":6,"footnotes":""},"class_list":["post-4292","page","type-page","status-publish","hentry"],"yoast_head":"<!-- This site is optimized with the Yoast SEO plugin v24.9 - https:\/\/yoast.com\/wordpress\/plugins\/seo\/ -->\n<title>Pogoji Poslovanja - Dreamy Pixel<\/title>\n<meta name=\"robots\" content=\"index, follow, max-snippet:-1, max-image-preview:large, max-video-preview:-1\" \/>\n<link rel=\"canonical\" href=\"https:\/\/dreamypixel.com\/si\/pogoji-poslovanja\/\" \/>\n<meta property=\"og:locale\" content=\"sl_SI\" \/>\n<meta property=\"og:type\" content=\"article\" \/>\n<meta property=\"og:title\" content=\"Pogoji Poslovanja - Dreamy Pixel\" \/>\n<meta property=\"og:description\" content=\"Ale\u0161 Krivec s.p. Skladi\u0161\u010dna 3, 4270 Jesenice El. po\u0161ta: pixeldreamy@gmail.com Dav\u010dni zavezanec: NE Mati\u010dna \u0161tevilka: 3735095000 dav\u010dna \u0161tevilka: SI81385676 TRR: SI56 0510 0801 3028 838 \u2013 Abanka Na spletnih straneh DreamyPixel.com (Ale\u0161 Krivec s.p.) so objavljene povezave na spletne strani drugih podjetij\/organizacij. Nad vsebinami na teh spletnih straneh Ale\u0161 Krivec s.p. nima nadzora, zato zanje [&hellip;]\" \/>\n<meta property=\"og:url\" content=\"https:\/\/dreamypixel.com\/si\/pogoji-poslovanja\/\" \/>\n<meta property=\"og:site_name\" content=\"Dreamy Pixel\" \/>\n<meta property=\"article:publisher\" content=\"https:\/\/www.facebook.com\/aleskphotography\" \/>\n<meta property=\"article:modified_time\" content=\"2019-02-13T20:39:06+00:00\" \/>\n<meta name=\"twitter:label1\" content=\"Est. reading time\" \/>\n\t<meta name=\"twitter:data1\" content=\"5 minut\" \/>\n<script type=\"application\/ld+json\" class=\"yoast-schema-graph\">{\"@context\":\"https:\/\/schema.org\",\"@graph\":[{\"@type\":\"WebPage\",\"@id\":\"https:\/\/dreamypixel.com\/si\/pogoji-poslovanja\/\",\"url\":\"https:\/\/dreamypixel.com\/si\/pogoji-poslovanja\/\",\"name\":\"Pogoji Poslovanja - Dreamy Pixel\",\"isPartOf\":{\"@id\":\"https:\/\/dreamypixel.com\/si\/#website\"},\"datePublished\":\"2016-10-18T10:11:03+00:00\",\"dateModified\":\"2019-02-13T20:39:06+00:00\",\"breadcrumb\":{\"@id\":\"https:\/\/dreamypixel.com\/si\/pogoji-poslovanja\/#breadcrumb\"},\"inLanguage\":\"sl-SI\",\"potentialAction\":[{\"@type\":\"ReadAction\",\"target\":[\"https:\/\/dreamypixel.com\/si\/pogoji-poslovanja\/\"]}]},{\"@type\":\"BreadcrumbList\",\"@id\":\"https:\/\/dreamypixel.com\/si\/pogoji-poslovanja\/#breadcrumb\",\"itemListElement\":[{\"@type\":\"ListItem\",\"position\":1,\"name\":\"Home\",\"item\":\"https:\/\/dreamypixel.com\/si\/\"},{\"@type\":\"ListItem\",\"position\":2,\"name\":\"Pogoji Poslovanja\"}]},{\"@type\":\"WebSite\",\"@id\":\"https:\/\/dreamypixel.com\/si\/#website\",\"url\":\"https:\/\/dreamypixel.com\/si\/\",\"name\":\"Dreamy Pixel\",\"description\":\"Dreamy Pixel je stran posve\u010dena fotografiji. Ponujamo fotografije v visoki resoluciji (zastonj in pla\u010dljive). Pokrajine, narava, divje \u017eivali, ...\",\"potentialAction\":[{\"@type\":\"SearchAction\",\"target\":{\"@type\":\"EntryPoint\",\"urlTemplate\":\"https:\/\/dreamypixel.com\/si\/?s={search_term_string}\"},\"query-input\":{\"@type\":\"PropertyValueSpecification\",\"valueRequired\":true,\"valueName\":\"search_term_string\"}}],\"inLanguage\":\"sl-SI\"}]}<\/script>\n<!-- \/ Yoast SEO plugin. -->","yoast_head_json":{"title":"Pogoji Poslovanja - Dreamy Pixel","robots":{"index":"index","follow":"follow","max-snippet":"max-snippet:-1","max-image-preview":"max-image-preview:large","max-video-preview":"max-video-preview:-1"},"canonical":"https:\/\/dreamypixel.com\/si\/pogoji-poslovanja\/","og_locale":"sl_SI","og_type":"article","og_title":"Pogoji Poslovanja - Dreamy Pixel","og_description":"Ale\u0161 Krivec s.p. Skladi\u0161\u010dna 3, 4270 Jesenice El. po\u0161ta: pixeldreamy@gmail.com Dav\u010dni zavezanec: NE Mati\u010dna \u0161tevilka: 3735095000 dav\u010dna \u0161tevilka: SI81385676 TRR: SI56 0510 0801 3028 838 \u2013 Abanka Na spletnih straneh DreamyPixel.com (Ale\u0161 Krivec s.p.) so objavljene povezave na spletne strani drugih podjetij\/organizacij. Nad vsebinami na teh spletnih straneh Ale\u0161 Krivec s.p. nima nadzora, zato zanje [&hellip;]","og_url":"https:\/\/dreamypixel.com\/si\/pogoji-poslovanja\/","og_site_name":"Dreamy Pixel","article_publisher":"https:\/\/www.facebook.com\/aleskphotography","article_modified_time":"2019-02-13T20:39:06+00:00","twitter_misc":{"Est. reading time":"5 minut"},"schema":{"@context":"https:\/\/schema.org","@graph":[{"@type":"WebPage","@id":"https:\/\/dreamypixel.com\/si\/pogoji-poslovanja\/","url":"https:\/\/dreamypixel.com\/si\/pogoji-poslovanja\/","name":"Pogoji Poslovanja - Dreamy Pixel","isPartOf":{"@id":"https:\/\/dreamypixel.com\/si\/#website"},"datePublished":"2016-10-18T10:11:03+00:00","dateModified":"2019-02-13T20:39:06+00:00","breadcrumb":{"@id":"https:\/\/dreamypixel.com\/si\/pogoji-poslovanja\/#breadcrumb"},"inLanguage":"sl-SI","potentialAction":[{"@type":"ReadAction","target":["https:\/\/dreamypixel.com\/si\/pogoji-poslovanja\/"]}]},{"@type":"BreadcrumbList","@id":"https:\/\/dreamypixel.com\/si\/pogoji-poslovanja\/#breadcrumb","itemListElement":[{"@type":"ListItem","position":1,"name":"Home","item":"https:\/\/dreamypixel.com\/si\/"},{"@type":"ListItem","position":2,"name":"Pogoji Poslovanja"}]},{"@type":"WebSite","@id":"https:\/\/dreamypixel.com\/si\/#website","url":"https:\/\/dreamypixel.com\/si\/","name":"Dreamy Pixel","description":"Dreamy Pixel je stran posve\u010dena fotografiji. Ponujamo fotografije v visoki resoluciji (zastonj in pla\u010dljive). Pokrajine, narava, divje \u017eivali, ...","potentialAction":[{"@type":"SearchAction","target":{"@type":"EntryPoint","urlTemplate":"https:\/\/dreamypixel.com\/si\/?s={search_term_string}"},"query-input":{"@type":"PropertyValueSpecification","valueRequired":true,"valueName":"search_term_string"}}],"inLanguage":"sl-SI"}]}},"_links":{"self":[{"href":"https:\/\/dreamypixel.com\/si\/wp-json\/wp\/v2\/pages\/4292","targetHints":{"allow":["GET"]}}],"collection":[{"href":"https:\/\/dreamypixel.com\/si\/wp-json\/wp\/v2\/pages"}],"about":[{"href":"https:\/\/dreamypixel.com\/si\/wp-json\/wp\/v2\/types\/page"}],"author":[{"embeddable":true,"href":"https:\/\/dreamypixel.com\/si\/wp-json\/wp\/v2\/users\/1"}],"replies":[{"embeddable":true,"href":"https:\/\/dreamypixel.com\/si\/wp-json\/wp\/v2\/comments?post=4292"}],"version-history":[{"count":9,"href":"https:\/\/dreamypixel.com\/si\/wp-json\/wp\/v2\/pages\/4292\/revisions"}],"predecessor-version":[{"id":12547,"href":"https:\/\/dreamypixel.com\/si\/wp-json\/wp\/v2\/pages\/4292\/revisions\/12547"}],"wp:attachment":[{"href":"https:\/\/dreamypixel.com\/si\/wp-json\/wp\/v2\/media?parent=4292"}],"curies":[{"name":"wp","href":"https:\/\/api.w.org\/{rel}","templated":true}]}}