{"id":765,"date":"2015-02-07T06:46:16","date_gmt":"2015-02-07T06:46:16","guid":{"rendered":"http:\/\/dreamypixel.com\/si\/?page_id=765"},"modified":"2025-03-25T17:11:16","modified_gmt":"2025-03-25T17:11:16","slug":"kdo-sva-dreamypixel","status":"publish","type":"page","link":"https:\/\/dreamypixel.com\/si\/kdo-sva-dreamypixel\/","title":{"rendered":"Nekaj besed o avtorju"},"content":{"rendered":"<p>Ale\u0161 Krivec je ve\u010dkrat nagrajeni pokrajinski fotograf, katerega dela so bila objavljena v mnogih doma\u010dih in tujih publikacijah, katalogih in knji\u017enih izvedbah, med drugim tudi v reviji <strong><a href=\"https:\/\/www.nationalgeographic.si\/pod-zvezdami\/\">National Geographic Slovenija<\/a><\/strong>.\u00a0Njegova dela so bila razstavljena na mnogih razstavah po Sloveniji in drugod po svetu, med drugim tudi v okro\u017eju\u00a0La D\u00e9fense v Parizu.<\/p>\n<p>Ve\u010dina fotografij na strani predstavlja Slovenijo, skrit evropski dragulj, ki jo zaznamuje pokrajinska pestrost: od alpskih vr\u0161acev, smaragdnih rek, vinorodnih okoli\u0161ev, srednjeve\u0161kih gradovov, kipe\u010dih mest in tudi nekaj kilometrov morske obale. V preteklih letih sem se zelo navezal tudi na mogo\u010dne Dolomite, ki jih obi\u0161\u010dem nekajkrat letno.<\/p>\n<p>Z leti se je nabrala ob\u0161iren nabor fotografij Slovenije, ki so na voljo za odkup \u2013 za uporabo v katalogih, na spletnih straneh, takih in druga\u010dnih izdelkih ali kot za tisk na platno.<\/p>\n<p>&nbsp;<\/p>\n<p><strong>FACEBOOK STRAN: <span style=\"color: #333333;\"><a href=\"https:\/\/www.facebook.com\/aleskphotography\" target=\"_blank\" rel=\"noopener\">https:\/\/www.facebook.com\/aleskphotography<\/a><\/span><\/strong><\/p>\n<p><strong>INSTAGRAM:\u00a0<a href=\"https:\/\/www.instagram.com\/dreamypixels\/\" target=\"_blank\" rel=\"noopener\">https:\/\/www.instagram.com\/dreamypixels\/<\/a><\/strong><\/p>\n<p>&nbsp;<\/p>\n<h3>NAGRADE<\/h3>\n<ul>\n<li><a href=\"https:\/\/www.tpoty.com\/tpoty-winners-galleries\/2024-winners\/\"><strong>Zmagovalec na presti\u017enem popotni\u0161kem nate\u010daju TPOTY v kategoriji \u010crno-belo<\/strong><\/a><\/li>\n<li><strong><a href=\"https:\/\/photocontestsi.natgeotv.com\/winners\">Zmagovalec na nate\u010daju National Geographic Slovenija 2024 v kategoriji &#8220;OD ZGORAJ&#8221;<\/a><\/strong><\/li>\n<li><a href=\"https:\/\/www.natecaj.eu\/results.html\"><strong>Skupni zmagovalec nate\u010daja 50 let goznih u\u010dnih in tematskih poti v Sloveniji<\/strong><\/a><\/li>\n<li><strong><a href=\"https:\/\/www.digitalna-kamera.si\/fotograf-leta-2017-stirje-letni-casi-3\/\">Fotograf leta 2017 po izboru Digitalne kamere<\/a><\/strong><\/li>\n<li><strong><a href=\"http:\/\/www.fotodrustvo-grca.si\/PDF\/Katalog2018.pdf\">Skupni zmagovalec nate\u010daja Narava 2018<\/a><\/strong><\/li>\n<li><strong><a href=\"https:\/\/naturephotographeroftheyear.com\/previous-editions\/npoty-2019-results\/\">Zmagovalec v kategoriji &#8220;Landscape&#8221; na mednarodnem nate\u010daju NPOTY<\/a><\/strong><\/li>\n<li><strong><a href=\"https:\/\/www.si21.com\/IT\/Ales_Krivec__Sony_World_Photography_Awards_2020\/\">Zmagovalec nacionalnega nate\u010daja Sony v letih 2018 in 2020<\/a><\/strong><\/li>\n<li><a href=\"https:\/\/oneeyeland.com\/world-top10-landscape-photographers-2019\" target=\"_blank\" rel=\"noopener\"><strong>Oneyeland World\u2019s Top 10 Landscape Photographers<\/strong><\/a>\u00a0<strong>2019 &#8211; 5. mesto<\/strong><\/li>\n<li><a href=\"https:\/\/photoawards.com\/winner\/index.php?compName=IPA%202020&amp;level=student\" target=\"_blank\" rel=\"noopener\"><strong>IPA<\/strong>\u00a0<\/a><strong>(International Photography Awards) Zmagovalec 2020 \/ Kategorija: Seasons<\/strong><\/li>\n<li><strong><a href=\"https:\/\/www.digitalna-kamera.si\/results-droneastrophotography-2021\/\">2. mesto v skupnem se\u0161tevku na tekmovanju Drone &amp; Astrophotography 2021<\/a><\/strong><\/li>\n<li><strong><a href=\"https:\/\/www.digitalna-kamera.si\/rezultati-2-mednarodnega-salona-fotografije-droneastrophotography-2020\/\">1. mesto v kategoriji astrofotografija na nate\u010daju\u00a0Drone &amp; Astrophotography 2020<\/a><\/strong><\/li>\n<li><a href=\"https:\/\/www.photocompetitions.com\/contests\/proify-international-photography-awards\/\"><strong>1. mesto na nate\u010daju Proify 2016 v kategoriji Pokrajina<\/strong><\/a><\/li>\n<\/ul>\n<p>&nbsp;<\/p>\n<h3>KONTAKT<\/h3>\n<p><strong><a href=\"mailto:pixeldreamy@gmail.com\">pixeldreamy@gmail.com<\/a><\/strong><\/p>\n","protected":false},"excerpt":{"rendered":"<p>Ale\u0161 Krivec je ve\u010dkrat nagrajeni pokrajinski fotograf, katerega dela so bila objavljena v mnogih doma\u010dih in tujih publikacijah, katalogih in knji\u017enih izvedbah, med drugim tudi v reviji National Geographic Slovenija.\u00a0Njegova dela so bila razstavljena na mnogih razstavah po Sloveniji in drugod po svetu, med drugim tudi v okro\u017eju\u00a0La D\u00e9fense v Parizu. Ve\u010dina fotografij na strani [&hellip;]<\/p>\n","protected":false},"author":1,"featured_media":0,"parent":0,"menu_order":0,"comment_status":"open","ping_status":"open","template":"","meta":{"iawp_total_views":139,"footnotes":""},"class_list":["post-765","page","type-page","status-publish","hentry"],"yoast_head":"<!-- This site is optimized with the Yoast SEO plugin v24.9 - https:\/\/yoast.com\/wordpress\/plugins\/seo\/ -->\n<title>Nekaj besed o avtorju - Dreamy Pixel<\/title>\n<meta name=\"robots\" content=\"index, follow, max-snippet:-1, max-image-preview:large, max-video-preview:-1\" \/>\n<link rel=\"canonical\" href=\"https:\/\/dreamypixel.com\/si\/kdo-sva-dreamypixel\/\" \/>\n<meta property=\"og:locale\" content=\"sl_SI\" \/>\n<meta property=\"og:type\" content=\"article\" \/>\n<meta property=\"og:title\" content=\"Nekaj besed o avtorju - Dreamy Pixel\" \/>\n<meta property=\"og:description\" content=\"Ale\u0161 Krivec je ve\u010dkrat nagrajeni pokrajinski fotograf, katerega dela so bila objavljena v mnogih doma\u010dih in tujih publikacijah, katalogih in knji\u017enih izvedbah, med drugim tudi v reviji National Geographic Slovenija.\u00a0Njegova dela so bila razstavljena na mnogih razstavah po Sloveniji in drugod po svetu, med drugim tudi v okro\u017eju\u00a0La D\u00e9fense v Parizu. Ve\u010dina fotografij na strani [&hellip;]\" \/>\n<meta property=\"og:url\" content=\"https:\/\/dreamypixel.com\/si\/kdo-sva-dreamypixel\/\" \/>\n<meta property=\"og:site_name\" content=\"Dreamy Pixel\" \/>\n<meta property=\"article:publisher\" content=\"https:\/\/www.facebook.com\/aleskphotography\" \/>\n<meta property=\"article:modified_time\" content=\"2025-03-25T17:11:16+00:00\" \/>\n<meta name=\"twitter:label1\" content=\"Est. reading time\" \/>\n\t<meta name=\"twitter:data1\" content=\"1 minuta\" \/>\n<script type=\"application\/ld+json\" class=\"yoast-schema-graph\">{\"@context\":\"https:\/\/schema.org\",\"@graph\":[{\"@type\":\"WebPage\",\"@id\":\"https:\/\/dreamypixel.com\/si\/kdo-sva-dreamypixel\/\",\"url\":\"https:\/\/dreamypixel.com\/si\/kdo-sva-dreamypixel\/\",\"name\":\"Nekaj besed o avtorju - Dreamy Pixel\",\"isPartOf\":{\"@id\":\"https:\/\/dreamypixel.com\/si\/#website\"},\"datePublished\":\"2015-02-07T06:46:16+00:00\",\"dateModified\":\"2025-03-25T17:11:16+00:00\",\"breadcrumb\":{\"@id\":\"https:\/\/dreamypixel.com\/si\/kdo-sva-dreamypixel\/#breadcrumb\"},\"inLanguage\":\"sl-SI\",\"potentialAction\":[{\"@type\":\"ReadAction\",\"target\":[\"https:\/\/dreamypixel.com\/si\/kdo-sva-dreamypixel\/\"]}]},{\"@type\":\"BreadcrumbList\",\"@id\":\"https:\/\/dreamypixel.com\/si\/kdo-sva-dreamypixel\/#breadcrumb\",\"itemListElement\":[{\"@type\":\"ListItem\",\"position\":1,\"name\":\"Home\",\"item\":\"https:\/\/dreamypixel.com\/si\/\"},{\"@type\":\"ListItem\",\"position\":2,\"name\":\"Nekaj besed o avtorju\"}]},{\"@type\":\"WebSite\",\"@id\":\"https:\/\/dreamypixel.com\/si\/#website\",\"url\":\"https:\/\/dreamypixel.com\/si\/\",\"name\":\"Dreamy Pixel\",\"description\":\"Dreamy Pixel je stran posve\u010dena fotografiji. Ponujamo fotografije v visoki resoluciji (zastonj in pla\u010dljive). Pokrajine, narava, divje \u017eivali, ...\",\"potentialAction\":[{\"@type\":\"SearchAction\",\"target\":{\"@type\":\"EntryPoint\",\"urlTemplate\":\"https:\/\/dreamypixel.com\/si\/?s={search_term_string}\"},\"query-input\":{\"@type\":\"PropertyValueSpecification\",\"valueRequired\":true,\"valueName\":\"search_term_string\"}}],\"inLanguage\":\"sl-SI\"}]}<\/script>\n<!-- \/ Yoast SEO plugin. -->","yoast_head_json":{"title":"Nekaj besed o avtorju - Dreamy Pixel","robots":{"index":"index","follow":"follow","max-snippet":"max-snippet:-1","max-image-preview":"max-image-preview:large","max-video-preview":"max-video-preview:-1"},"canonical":"https:\/\/dreamypixel.com\/si\/kdo-sva-dreamypixel\/","og_locale":"sl_SI","og_type":"article","og_title":"Nekaj besed o avtorju - Dreamy Pixel","og_description":"Ale\u0161 Krivec je ve\u010dkrat nagrajeni pokrajinski fotograf, katerega dela so bila objavljena v mnogih doma\u010dih in tujih publikacijah, katalogih in knji\u017enih izvedbah, med drugim tudi v reviji National Geographic Slovenija.\u00a0Njegova dela so bila razstavljena na mnogih razstavah po Sloveniji in drugod po svetu, med drugim tudi v okro\u017eju\u00a0La D\u00e9fense v Parizu. Ve\u010dina fotografij na strani [&hellip;]","og_url":"https:\/\/dreamypixel.com\/si\/kdo-sva-dreamypixel\/","og_site_name":"Dreamy Pixel","article_publisher":"https:\/\/www.facebook.com\/aleskphotography","article_modified_time":"2025-03-25T17:11:16+00:00","twitter_misc":{"Est. reading time":"1 minuta"},"schema":{"@context":"https:\/\/schema.org","@graph":[{"@type":"WebPage","@id":"https:\/\/dreamypixel.com\/si\/kdo-sva-dreamypixel\/","url":"https:\/\/dreamypixel.com\/si\/kdo-sva-dreamypixel\/","name":"Nekaj besed o avtorju - Dreamy Pixel","isPartOf":{"@id":"https:\/\/dreamypixel.com\/si\/#website"},"datePublished":"2015-02-07T06:46:16+00:00","dateModified":"2025-03-25T17:11:16+00:00","breadcrumb":{"@id":"https:\/\/dreamypixel.com\/si\/kdo-sva-dreamypixel\/#breadcrumb"},"inLanguage":"sl-SI","potentialAction":[{"@type":"ReadAction","target":["https:\/\/dreamypixel.com\/si\/kdo-sva-dreamypixel\/"]}]},{"@type":"BreadcrumbList","@id":"https:\/\/dreamypixel.com\/si\/kdo-sva-dreamypixel\/#breadcrumb","itemListElement":[{"@type":"ListItem","position":1,"name":"Home","item":"https:\/\/dreamypixel.com\/si\/"},{"@type":"ListItem","position":2,"name":"Nekaj besed o avtorju"}]},{"@type":"WebSite","@id":"https:\/\/dreamypixel.com\/si\/#website","url":"https:\/\/dreamypixel.com\/si\/","name":"Dreamy Pixel","description":"Dreamy Pixel je stran posve\u010dena fotografiji. Ponujamo fotografije v visoki resoluciji (zastonj in pla\u010dljive). Pokrajine, narava, divje \u017eivali, ...","potentialAction":[{"@type":"SearchAction","target":{"@type":"EntryPoint","urlTemplate":"https:\/\/dreamypixel.com\/si\/?s={search_term_string}"},"query-input":{"@type":"PropertyValueSpecification","valueRequired":true,"valueName":"search_term_string"}}],"inLanguage":"sl-SI"}]}},"_links":{"self":[{"href":"https:\/\/dreamypixel.com\/si\/wp-json\/wp\/v2\/pages\/765","targetHints":{"allow":["GET"]}}],"collection":[{"href":"https:\/\/dreamypixel.com\/si\/wp-json\/wp\/v2\/pages"}],"about":[{"href":"https:\/\/dreamypixel.com\/si\/wp-json\/wp\/v2\/types\/page"}],"author":[{"embeddable":true,"href":"https:\/\/dreamypixel.com\/si\/wp-json\/wp\/v2\/users\/1"}],"replies":[{"embeddable":true,"href":"https:\/\/dreamypixel.com\/si\/wp-json\/wp\/v2\/comments?post=765"}],"version-history":[{"count":29,"href":"https:\/\/dreamypixel.com\/si\/wp-json\/wp\/v2\/pages\/765\/revisions"}],"predecessor-version":[{"id":16375,"href":"https:\/\/dreamypixel.com\/si\/wp-json\/wp\/v2\/pages\/765\/revisions\/16375"}],"wp:attachment":[{"href":"https:\/\/dreamypixel.com\/si\/wp-json\/wp\/v2\/media?parent=765"}],"curies":[{"name":"wp","href":"https:\/\/api.w.org\/{rel}","templated":true}]}}